{"id":96,"date":"2023-04-15T20:26:15","date_gmt":"2023-04-16T00:26:15","guid":{"rendered":"https:\/\/casa-gawa.cl\/cg\/?post_type=product&#038;p=96"},"modified":"2026-03-14T18:08:14","modified_gmt":"2026-03-14T22:08:14","slug":"bloc-de-notas-b7-life-con-lineas","status":"publish","type":"product","link":"https:\/\/casa-gawa.cl\/cg\/tienda\/papeleria\/memo\/bloc-de-notas-b7-life-con-lineas\/","title":{"rendered":"Bloc de notas B7 Life con lineas"},"content":{"rendered":"","protected":false},"excerpt":{"rendered":"<p>Marca Life bloc de notas con lineas horizontales, tama\u00f1o B7<\/p>\n<p>Papel ahuesado en lin\u00e9as (8mm).<br \/>\n100 hojas (200 p\u00e1ginas)<br \/>\n84,9gsm.<\/p>\n<p>Hechas para todo tipo de instrumentos de escritura como plumas estilogr\u00e1ficas, bol\u00edgrafos, l\u00e1pices, etc.<\/p>\n","protected":false},"featured_media":2197,"template":"","meta":[],"product_brand":[422],"product_cat":[41,275],"product_tag":[],"class_list":{"0":"post-96","1":"product","2":"type-product","3":"status-publish","4":"has-post-thumbnail","6":"product_brand-lfe","7":"product_cat-memo","8":"product_cat-papeleria-japonesa","9":"product_shipping_class-correos-valdivia-centro-mas3kg","10":"yith_product_brand-life","12":"first","13":"instock","14":"taxable","15":"shipping-taxable","16":"purchasable","17":"product-type-simple"},"_links":{"self":[{"href":"https:\/\/casa-gawa.cl\/cg\/wp-json\/wp\/v2\/product\/96","targetHints":{"allow":["GET"]}}],"collection":[{"href":"https:\/\/casa-gawa.cl\/cg\/wp-json\/wp\/v2\/product"}],"about":[{"href":"https:\/\/casa-gawa.cl\/cg\/wp-json\/wp\/v2\/types\/product"}],"wp:featuredmedia":[{"embeddable":true,"href":"https:\/\/casa-gawa.cl\/cg\/wp-json\/wp\/v2\/media\/2197"}],"wp:attachment":[{"href":"https:\/\/casa-gawa.cl\/cg\/wp-json\/wp\/v2\/media?parent=96"}],"wp:term":[{"taxonomy":"product_brand","embeddable":true,"href":"https:\/\/casa-gawa.cl\/cg\/wp-json\/wp\/v2\/product_brand?post=96"},{"taxonomy":"product_cat","embeddable":true,"href":"https:\/\/casa-gawa.cl\/cg\/wp-json\/wp\/v2\/product_cat?post=96"},{"taxonomy":"product_tag","embeddable":true,"href":"https:\/\/casa-gawa.cl\/cg\/wp-json\/wp\/v2\/product_tag?post=96"}],"curies":[{"name":"wp","href":"https:\/\/api.w.org\/{rel}","templated":true}]}}