{"id":87,"date":"2023-04-15T20:26:14","date_gmt":"2023-04-16T00:26:14","guid":{"rendered":"https:\/\/casa-gawa.cl\/cg\/?post_type=product&#038;p=87"},"modified":"2026-02-03T11:22:57","modified_gmt":"2026-02-03T15:22:57","slug":"postalmemo-set-09-chatlanian-sock-cat","status":"publish","type":"product","link":"https:\/\/casa-gawa.cl\/cg\/tienda\/tarjetas-postales\/set1\/postalmemo-set-09-chatlanian-sock-cat\/","title":{"rendered":"Postal+memo set #09 Chatlanian sock cat"},"content":{"rendered":"","protected":false},"excerpt":{"rendered":"<p>Fotos: 4legs<\/p>\n<p>Gatos en libros de im\u00e1genes &#8220;#9 Gato calcet\u00edn marr\u00f3n y blanco\/Chatlanian sock cat&#8221;<\/p>\n<p>Postal+memo set:<\/p>\n<ul>\n<li><strong>1 (uno) Postal 14,8 x 10,0 cm.<\/strong> Adem\u00e1s de enviar el postal a un\/a amigo\/a, familiares, etc o para Postcrossing, es ideal tambi\u00e9n, c<span class=\"HwtZe\" lang=\"es\"><span class=\"jCAhz ChMk0b\"><span class=\"ryNqvb\">omo decoraci\u00f3n para personalizar tus espacios. <\/span><\/span><\/span>Impreso en color en un papel Takehada\/180kg (aprox 209,4 gsm) por ambos lados. El tipo de papel es de color ahuesado mate con suave textura al tacto. El papel consiste m\u00e1s de 30% pulpa de bamb\u00fa, un papel amigable con el medio ambiente.<\/li>\n<li><strong>2 (dos) hojas de papel memo 10 x 10 cm.<\/strong> Un perfecto regalito para los cat lovers. Se puede usar como nota de agradecimiento, informaci\u00f3n de contactos, etc. Impreso en color por ambos lados en un papel de 90kg (aprox 104,7 gsm), de alta calidad (la textura de un papel bond de alta calidad).<\/li>\n<\/ul>\n<p>Ilustraci\u00f3n original dibujado por 4legs.<\/p>\n<p>Hecho e impreso en Jap\u00f3n<\/p>\n<p>Fotos: 4legs<\/p>\n","protected":false},"featured_media":252,"template":"","meta":[],"product_brand":[318],"product_cat":[206,275,100,148],"product_tag":[101],"class_list":{"0":"post-87","1":"product","2":"type-product","3":"status-publish","4":"has-post-thumbnail","6":"product_brand-4legs","7":"product_cat-navidad","8":"product_cat-papeleria-japonesa","9":"product_cat-set1","10":"product_cat-tarjetas-postales","11":"product_tag-set","12":"product_shipping_class-correos-valdivia-centro-mas3kg","13":"yith_product_brand-4legs","15":"first","16":"instock","17":"taxable","18":"shipping-taxable","19":"purchasable","20":"product-type-simple"},"_links":{"self":[{"href":"https:\/\/casa-gawa.cl\/cg\/wp-json\/wp\/v2\/product\/87","targetHints":{"allow":["GET"]}}],"collection":[{"href":"https:\/\/casa-gawa.cl\/cg\/wp-json\/wp\/v2\/product"}],"about":[{"href":"https:\/\/casa-gawa.cl\/cg\/wp-json\/wp\/v2\/types\/product"}],"wp:featuredmedia":[{"embeddable":true,"href":"https:\/\/casa-gawa.cl\/cg\/wp-json\/wp\/v2\/media\/252"}],"wp:attachment":[{"href":"https:\/\/casa-gawa.cl\/cg\/wp-json\/wp\/v2\/media?parent=87"}],"wp:term":[{"taxonomy":"product_brand","embeddable":true,"href":"https:\/\/casa-gawa.cl\/cg\/wp-json\/wp\/v2\/product_brand?post=87"},{"taxonomy":"product_cat","embeddable":true,"href":"https:\/\/casa-gawa.cl\/cg\/wp-json\/wp\/v2\/product_cat?post=87"},{"taxonomy":"product_tag","embeddable":true,"href":"https:\/\/casa-gawa.cl\/cg\/wp-json\/wp\/v2\/product_tag?post=87"}],"curies":[{"name":"wp","href":"https:\/\/api.w.org\/{rel}","templated":true}]}}