{"id":7227,"date":"2026-04-16T01:34:00","date_gmt":"2026-04-16T05:34:00","guid":{"rendered":"https:\/\/casa-gawa.cl\/cg\/?post_type=product&#038;p=7227"},"modified":"2026-04-16T01:34:32","modified_gmt":"2026-04-16T05:34:32","slug":"goma-borrador-manga-comikeshi","status":"publish","type":"product","link":"https:\/\/casa-gawa.cl\/cg\/tienda\/lapices\/goma-borrar\/goma-borrador-manga-comikeshi\/","title":{"rendered":"Goma &#8211; borrador &#8211; manga &#8211; Comikeshi"},"content":{"rendered":"","protected":false},"excerpt":{"rendered":"<p>Es una goma de borrador con forma tri\u00e1ngulo. El dise\u00f1o destaca su forma y su funcionalidad donde las esquinas se pueden usar para borrar \u00e1reas peque\u00f1as del dibujo y de sus lados, para \u00e1reas grandes.<br \/>\nMuy recomendado para los borradores de los dibujos de comics. <\/p>\n<p>Tama\u00f1o aprox: W60 x D13 x H50mm<br \/>\nMaterial: vinyl chloride<\/p>\n<p>Marca y fabricada en jap\u00f3n<\/p>\n","protected":false},"featured_media":7228,"template":"","meta":[],"product_brand":[465],"product_cat":[224,463,26],"product_tag":[],"class_list":{"0":"post-7227","1":"product","2":"type-product","3":"status-publish","4":"has-post-thumbnail","6":"product_brand-seed","7":"product_cat-recien-llegados","8":"product_cat-goma-borrar","9":"product_cat-lapices","10":"yith_product_brand-seed","12":"first","13":"instock","14":"taxable","15":"shipping-taxable","16":"purchasable","17":"product-type-simple"},"_links":{"self":[{"href":"https:\/\/casa-gawa.cl\/cg\/wp-json\/wp\/v2\/product\/7227","targetHints":{"allow":["GET"]}}],"collection":[{"href":"https:\/\/casa-gawa.cl\/cg\/wp-json\/wp\/v2\/product"}],"about":[{"href":"https:\/\/casa-gawa.cl\/cg\/wp-json\/wp\/v2\/types\/product"}],"wp:featuredmedia":[{"embeddable":true,"href":"https:\/\/casa-gawa.cl\/cg\/wp-json\/wp\/v2\/media\/7228"}],"wp:attachment":[{"href":"https:\/\/casa-gawa.cl\/cg\/wp-json\/wp\/v2\/media?parent=7227"}],"wp:term":[{"taxonomy":"product_brand","embeddable":true,"href":"https:\/\/casa-gawa.cl\/cg\/wp-json\/wp\/v2\/product_brand?post=7227"},{"taxonomy":"product_cat","embeddable":true,"href":"https:\/\/casa-gawa.cl\/cg\/wp-json\/wp\/v2\/product_cat?post=7227"},{"taxonomy":"product_tag","embeddable":true,"href":"https:\/\/casa-gawa.cl\/cg\/wp-json\/wp\/v2\/product_tag?post=7227"}],"curies":[{"name":"wp","href":"https:\/\/api.w.org\/{rel}","templated":true}]}}