{"id":7218,"date":"2026-04-16T01:34:00","date_gmt":"2026-04-16T05:34:00","guid":{"rendered":"https:\/\/casa-gawa.cl\/cg\/?post_type=product&#038;p=7218"},"modified":"2026-04-16T01:34:00","modified_gmt":"2026-04-16T05:34:00","slug":"goma-borrador-timbre-sakura","status":"publish","type":"product","link":"https:\/\/casa-gawa.cl\/cg\/tienda\/lapices\/goma-borrar\/goma-borrador-timbre-sakura\/","title":{"rendered":"Goma &#8211; borrador &#8211; timbre &#8211; Sakura"},"content":{"rendered":"","protected":false},"excerpt":{"rendered":"<p>Es una goma de borrador con forma del flor de Sakura.<br \/>\nPodr\u00eda verla como un goma de suerte para tener buen resultados en las pruebas.<br \/>\n\u00a1Mira en el hoyito de estrella y seguir adelante para un buen futuro!<\/p>\n<p>Puede usar como timbre una extremo de la goma para aplicar en sus cuadernos, journal, etc- \u00a1muy entretenida!<\/p>\n<p>Tama\u00f1o aprox: W24\u00d7D24\u00d7H62mm<\/p>\n<p>Material: non-PVC<\/p>\n<p>Marca japonesa fabricada en Vietnam<\/p>\n","protected":false},"featured_media":7224,"template":"","meta":[],"product_brand":[465],"product_cat":[224,463,26],"product_tag":[],"class_list":{"0":"post-7218","1":"product","2":"type-product","3":"status-publish","4":"has-post-thumbnail","6":"product_brand-seed","7":"product_cat-recien-llegados","8":"product_cat-goma-borrar","9":"product_cat-lapices","10":"yith_product_brand-seed","12":"first","13":"instock","14":"taxable","15":"shipping-taxable","16":"purchasable","17":"product-type-simple"},"_links":{"self":[{"href":"https:\/\/casa-gawa.cl\/cg\/wp-json\/wp\/v2\/product\/7218","targetHints":{"allow":["GET"]}}],"collection":[{"href":"https:\/\/casa-gawa.cl\/cg\/wp-json\/wp\/v2\/product"}],"about":[{"href":"https:\/\/casa-gawa.cl\/cg\/wp-json\/wp\/v2\/types\/product"}],"wp:featuredmedia":[{"embeddable":true,"href":"https:\/\/casa-gawa.cl\/cg\/wp-json\/wp\/v2\/media\/7224"}],"wp:attachment":[{"href":"https:\/\/casa-gawa.cl\/cg\/wp-json\/wp\/v2\/media?parent=7218"}],"wp:term":[{"taxonomy":"product_brand","embeddable":true,"href":"https:\/\/casa-gawa.cl\/cg\/wp-json\/wp\/v2\/product_brand?post=7218"},{"taxonomy":"product_cat","embeddable":true,"href":"https:\/\/casa-gawa.cl\/cg\/wp-json\/wp\/v2\/product_cat?post=7218"},{"taxonomy":"product_tag","embeddable":true,"href":"https:\/\/casa-gawa.cl\/cg\/wp-json\/wp\/v2\/product_tag?post=7218"}],"curies":[{"name":"wp","href":"https:\/\/api.w.org\/{rel}","templated":true}]}}