{"id":7204,"date":"2026-04-16T01:34:00","date_gmt":"2026-04-16T05:34:00","guid":{"rendered":"https:\/\/casa-gawa.cl\/cg\/?post_type=product&#038;p=7204"},"modified":"2026-04-16T12:19:20","modified_gmt":"2026-04-16T16:19:20","slug":"goma-borrador-transparente","status":"publish","type":"product","link":"https:\/\/casa-gawa.cl\/cg\/tienda\/lapices\/goma-borrar\/goma-borrador-transparente\/","title":{"rendered":"Goma &#8211; borrador &#8211; transparente"},"content":{"rendered":"","protected":false},"excerpt":{"rendered":"<p>Es una goma de borrador transparente para lapices de grafito. Ayuda en la visibilidad del \u00e1rea que se requiere borrar. Es muy popular en jap\u00f3n.<\/p>\n<p>Marca \/  Modelo: Clear Radar<\/p>\n<p>Tama\u00f1o aprox: W43\u00d7D18\u00d7H12mm<\/p>\n<p>Material: vinyl chloride Phthalate-free<\/p>\n<p>Marca japonesa fabricada en Vietnam<\/p>\n","protected":false},"featured_media":7206,"template":"","meta":[],"product_brand":[465],"product_cat":[224,463,26],"product_tag":[],"class_list":{"0":"post-7204","1":"product","2":"type-product","3":"status-publish","4":"has-post-thumbnail","6":"product_brand-seed","7":"product_cat-recien-llegados","8":"product_cat-goma-borrar","9":"product_cat-lapices","10":"yith_product_brand-seed","12":"first","13":"instock","14":"taxable","15":"shipping-taxable","16":"purchasable","17":"product-type-simple"},"_links":{"self":[{"href":"https:\/\/casa-gawa.cl\/cg\/wp-json\/wp\/v2\/product\/7204","targetHints":{"allow":["GET"]}}],"collection":[{"href":"https:\/\/casa-gawa.cl\/cg\/wp-json\/wp\/v2\/product"}],"about":[{"href":"https:\/\/casa-gawa.cl\/cg\/wp-json\/wp\/v2\/types\/product"}],"wp:featuredmedia":[{"embeddable":true,"href":"https:\/\/casa-gawa.cl\/cg\/wp-json\/wp\/v2\/media\/7206"}],"wp:attachment":[{"href":"https:\/\/casa-gawa.cl\/cg\/wp-json\/wp\/v2\/media?parent=7204"}],"wp:term":[{"taxonomy":"product_brand","embeddable":true,"href":"https:\/\/casa-gawa.cl\/cg\/wp-json\/wp\/v2\/product_brand?post=7204"},{"taxonomy":"product_cat","embeddable":true,"href":"https:\/\/casa-gawa.cl\/cg\/wp-json\/wp\/v2\/product_cat?post=7204"},{"taxonomy":"product_tag","embeddable":true,"href":"https:\/\/casa-gawa.cl\/cg\/wp-json\/wp\/v2\/product_tag?post=7204"}],"curies":[{"name":"wp","href":"https:\/\/api.w.org\/{rel}","templated":true}]}}