{"id":7077,"date":"2026-04-14T11:54:23","date_gmt":"2026-04-14T15:54:23","guid":{"rendered":"https:\/\/casa-gawa.cl\/cg\/?post_type=product&#038;p=7077"},"modified":"2026-04-14T11:54:23","modified_gmt":"2026-04-14T15:54:23","slug":"ro-biki-note-museum-5mm-dots-b7-flowers","status":"publish","type":"product","link":"https:\/\/casa-gawa.cl\/cg\/tienda\/papeleria\/cuadernos\/ro-biki-note-museum-5mm-dots-b7-flowers\/","title":{"rendered":"RO-BIKI Note Museum 5mm dots &#8211; B7 &#8211; Flowers"},"content":{"rendered":"<p>El papel encerado se utiliza en la cubierta de esta serie de cuadernos. Con el uso, presenta m\u00e1s arrugas y rayaduras, ideal para quienes aprecian el envejecido. Seleccionamos cuidadosamente un papel especial con excelente calidad de escritura, compatible con l\u00e1pices, bol\u00edgrafos y plumas fuente.<\/p>\n<p>El sistema de encuadernaci\u00f3n con hilo refuerza la durabilidad del libro, evitando que las p\u00e1ginas se caigan incluso con un uso prolongado o al girar 360\u00b0. El tama\u00f1o actual de pasaporte hace que sea f\u00e1cil transportar y se puede usar para acompa\u00f1arte en tus viajes o escribir d\u00eda a d\u00eda.<\/p>\n","protected":false},"excerpt":{"rendered":"<p>Hojas: 60<br \/>\nTapa: Papel especial &#8211; Encerado (no cart\u00f3n)<br \/>\nP\u00e1ginas: Dots; Rough premium writing paper<br \/>\nTama\u00f1o: 88 x 125 mm (aprox 3,5 x 4,9 in)<br \/>\nEncuadernaci\u00f3n: Saddle-stitch<\/p>\n<p>Hecho en Jap\u00f3n<\/p>\n","protected":false},"featured_media":7079,"template":"","meta":[],"product_brand":[296],"product_cat":[224,45,40,275],"product_tag":[241,240],"class_list":{"0":"post-7077","1":"product","2":"type-product","3":"status-publish","4":"has-post-thumbnail","6":"product_brand-yamamoto-paper","7":"product_cat-recien-llegados","8":"product_cat-cuadernos","9":"product_cat-papeleria","10":"product_cat-papeleria-japonesa","11":"product_tag-travel","12":"product_tag-yamamoto","13":"product_shipping_class-correos-valdivia-centro-mas3kg","14":"yith_product_brand-yamamoto-paper","16":"first","17":"instock","18":"taxable","19":"shipping-taxable","20":"purchasable","21":"product-type-simple"},"_links":{"self":[{"href":"https:\/\/casa-gawa.cl\/cg\/wp-json\/wp\/v2\/product\/7077","targetHints":{"allow":["GET"]}}],"collection":[{"href":"https:\/\/casa-gawa.cl\/cg\/wp-json\/wp\/v2\/product"}],"about":[{"href":"https:\/\/casa-gawa.cl\/cg\/wp-json\/wp\/v2\/types\/product"}],"wp:featuredmedia":[{"embeddable":true,"href":"https:\/\/casa-gawa.cl\/cg\/wp-json\/wp\/v2\/media\/7079"}],"wp:attachment":[{"href":"https:\/\/casa-gawa.cl\/cg\/wp-json\/wp\/v2\/media?parent=7077"}],"wp:term":[{"taxonomy":"product_brand","embeddable":true,"href":"https:\/\/casa-gawa.cl\/cg\/wp-json\/wp\/v2\/product_brand?post=7077"},{"taxonomy":"product_cat","embeddable":true,"href":"https:\/\/casa-gawa.cl\/cg\/wp-json\/wp\/v2\/product_cat?post=7077"},{"taxonomy":"product_tag","embeddable":true,"href":"https:\/\/casa-gawa.cl\/cg\/wp-json\/wp\/v2\/product_tag?post=7077"}],"curies":[{"name":"wp","href":"https:\/\/api.w.org\/{rel}","templated":true}]}}