{"id":6830,"date":"2026-02-03T00:19:40","date_gmt":"2026-02-03T04:19:40","guid":{"rendered":"https:\/\/casa-gawa.cl\/cg\/?post_type=product&#038;p=6830"},"modified":"2026-02-05T10:00:36","modified_gmt":"2026-02-05T14:00:36","slug":"libreta-a6-decorada-coleccion-01","status":"publish","type":"product","link":"https:\/\/casa-gawa.cl\/cg\/tienda\/papeleria\/cuadernos\/libreta-a6-decorada-coleccion-01\/","title":{"rendered":"Libreta A6 decorada &#8211; colecci\u00f3n 01"},"content":{"rendered":"<p>Creando una linea de papeler\u00eda limitada, linda y \u00fanica para su colecci\u00f3n y a la vez invita alegr\u00eda en su escritorio. Hecho a mano con cari\u00f1o por Casa Gaw\u00e2.<\/p>\n<p>La linea de papeler\u00eda de colecci\u00f3n se aplica principalmente un papel japon\u00e9s de dise\u00f1o estilo Chiyogami. Con eso, podr\u00eda que por el corte para el envuelto no ser\u00eda igual con la foto de referencial.<\/p>\n<p>Nota: Podr\u00eda que tenga imperfecciones por la confecci\u00f3n a mano los productos de la linea de papeler\u00eda de colecci\u00f3n.<\/p>\n","protected":false},"excerpt":{"rendered":"<p>Creando una linea de papeler\u00eda limitada, linda y \u00fanica para su colecci\u00f3n y a la vez invita alegr\u00eda en su escritorio. Hecho a mano con cari\u00f1o por Casa Gaw\u00e2.<\/p>\n<p>Se aplica principalmente un papel japon\u00e9s de dise\u00f1o estilo Chiyogami. Con eso, podr\u00eda que por el corte para la tapa no ser\u00eda igual con la foto de referencial.<\/p>\n<p>Libreta (pamphlet stitch y\/o saddle stitch)<br \/>\nTama\u00f1o: A6 (10,5 x 14,8cm)<br \/>\nPapel interior: Tomoe River Paper (TRP)\u00a0 68 gsm &#8211; ahuesado &#8211; papel reciclado &#8211; amigable o compatible con algunos l\u00e1piz pluma<br \/>\nP\u00e1ginas: 60 p\u00e1ginas blanca (plain)<br \/>\nTapa: papel cart\u00f3n reutilizo decorado con papel japon\u00e9s chiyogami<\/p>\n<p>El papel TRP es producido industrial japonesa. Muy suave y c\u00f3moda para escribir. Compatible con l\u00e1piz grafito, con tinta gel, l\u00e1piz pluma en general.<\/p>\n<p>Nota: Podr\u00eda que tenga imperfecciones\u00a0 por la confecci\u00f3n a mano a crear las libretas y los otros productos de la linea de colecci\u00f3n.<\/p>\n","protected":false},"featured_media":6850,"template":"","meta":[],"product_brand":[317],"product_cat":[224,45,40],"product_tag":[429,428,124],"class_list":{"0":"post-6830","1":"product","2":"type-product","3":"status-publish","4":"has-post-thumbnail","6":"product_brand-casa-gawa","7":"product_cat-recien-llegados","8":"product_cat-cuadernos","9":"product_cat-papeleria","10":"product_tag-coleccion-limitada","11":"product_tag-coleccion-01","12":"product_tag-handmade","13":"yith_product_brand-casa-gawa","15":"first","16":"instock","17":"taxable","18":"shipping-taxable","19":"purchasable","20":"product-type-simple"},"_links":{"self":[{"href":"https:\/\/casa-gawa.cl\/cg\/wp-json\/wp\/v2\/product\/6830","targetHints":{"allow":["GET"]}}],"collection":[{"href":"https:\/\/casa-gawa.cl\/cg\/wp-json\/wp\/v2\/product"}],"about":[{"href":"https:\/\/casa-gawa.cl\/cg\/wp-json\/wp\/v2\/types\/product"}],"wp:featuredmedia":[{"embeddable":true,"href":"https:\/\/casa-gawa.cl\/cg\/wp-json\/wp\/v2\/media\/6850"}],"wp:attachment":[{"href":"https:\/\/casa-gawa.cl\/cg\/wp-json\/wp\/v2\/media?parent=6830"}],"wp:term":[{"taxonomy":"product_brand","embeddable":true,"href":"https:\/\/casa-gawa.cl\/cg\/wp-json\/wp\/v2\/product_brand?post=6830"},{"taxonomy":"product_cat","embeddable":true,"href":"https:\/\/casa-gawa.cl\/cg\/wp-json\/wp\/v2\/product_cat?post=6830"},{"taxonomy":"product_tag","embeddable":true,"href":"https:\/\/casa-gawa.cl\/cg\/wp-json\/wp\/v2\/product_tag?post=6830"}],"curies":[{"name":"wp","href":"https:\/\/api.w.org\/{rel}","templated":true}]}}