{"id":6747,"date":"2025-12-29T20:57:14","date_gmt":"2025-12-30T00:57:14","guid":{"rendered":"https:\/\/casa-gawa.cl\/cg\/?post_type=product&#038;p=6747"},"modified":"2026-02-02T13:54:34","modified_gmt":"2026-02-02T17:54:34","slug":"plato-de-forma-cachorro","status":"publish","type":"product","link":"https:\/\/casa-gawa.cl\/cg\/tienda\/deco-moda\/moda-accesorios\/plato-de-forma-cachorro\/","title":{"rendered":"plato de forma cachorro"},"content":{"rendered":"","protected":false},"excerpt":{"rendered":"<p class=\"ds-markdown-paragraph\">Esta bandeja est\u00e1 artesanalmente elaborada a partir de aut\u00e9nticas conchas de capiz del Mar de Filipinas, adornada con adorables motivos de animales que te robar\u00e1n el coraz\u00f3n. \u00a1Te entrar\u00e1n ganas de coleccionarlas todas!<\/p>\n<p class=\"ds-markdown-paragraph\">Para proteger su belleza, la superficie est\u00e1 recubierta con una capa de resina transparente. Es f\u00e1cil de limpiar: solo necesitas lavarla suavemente con agua templada o pasarle un pa\u00f1o h\u00famedo.<\/p>\n<p class=\"ds-markdown-paragraph\"><strong>Una pieza \u00fanica, llena de encanto, para tu hogar.<\/strong><\/p>\n<p>Tama\u00f1o aproximado:<br \/>\n11 x 9 x H1.5 cm<\/p>\n<p>Hecho en Filipinas.<\/p>\n","protected":false},"featured_media":6745,"template":"","meta":[],"product_brand":[317],"product_cat":[224,103,402],"product_tag":[],"class_list":{"0":"post-6747","1":"product","2":"type-product","3":"status-publish","4":"has-post-thumbnail","6":"product_brand-casa-gawa","7":"product_cat-recien-llegados","8":"product_cat-deco-moda","9":"product_cat-moda-accesorios","10":"yith_product_brand-casa-gawa","12":"first","13":"instock","14":"taxable","15":"shipping-taxable","16":"purchasable","17":"product-type-simple"},"_links":{"self":[{"href":"https:\/\/casa-gawa.cl\/cg\/wp-json\/wp\/v2\/product\/6747","targetHints":{"allow":["GET"]}}],"collection":[{"href":"https:\/\/casa-gawa.cl\/cg\/wp-json\/wp\/v2\/product"}],"about":[{"href":"https:\/\/casa-gawa.cl\/cg\/wp-json\/wp\/v2\/types\/product"}],"wp:featuredmedia":[{"embeddable":true,"href":"https:\/\/casa-gawa.cl\/cg\/wp-json\/wp\/v2\/media\/6745"}],"wp:attachment":[{"href":"https:\/\/casa-gawa.cl\/cg\/wp-json\/wp\/v2\/media?parent=6747"}],"wp:term":[{"taxonomy":"product_brand","embeddable":true,"href":"https:\/\/casa-gawa.cl\/cg\/wp-json\/wp\/v2\/product_brand?post=6747"},{"taxonomy":"product_cat","embeddable":true,"href":"https:\/\/casa-gawa.cl\/cg\/wp-json\/wp\/v2\/product_cat?post=6747"},{"taxonomy":"product_tag","embeddable":true,"href":"https:\/\/casa-gawa.cl\/cg\/wp-json\/wp\/v2\/product_tag?post=6747"}],"curies":[{"name":"wp","href":"https:\/\/api.w.org\/{rel}","templated":true}]}}