{"id":6719,"date":"2025-12-29T19:45:08","date_gmt":"2025-12-29T23:45:08","guid":{"rendered":"https:\/\/casa-gawa.cl\/cg\/?post_type=product&#038;p=6719"},"modified":"2026-02-02T13:57:33","modified_gmt":"2026-02-02T17:57:33","slug":"guirnalda-colgante-de-capiz","status":"publish","type":"product","link":"https:\/\/casa-gawa.cl\/cg\/tienda\/deco-moda\/moda-accesorios\/guirnalda-colgante-de-capiz\/","title":{"rendered":"guirnalda colgante de capiz"},"content":{"rendered":"","protected":false},"excerpt":{"rendered":"<p class=\"ds-markdown-paragraph\">\u00a1Decora tus espacios con el <strong>encanto natural<\/strong> del mar!<\/p>\n<p class=\"ds-markdown-paragraph\">Esta adorable guirnalda est\u00e1 hecha a mano con aut\u00e9nticas conchas de capiz del Mar de Filipinas, pintadas a mano con un delicado patr\u00f3n de estrellas. Cuando la luz las acaricia en tu ventana, crean un efecto luminoso y natural absolutamente precioso.<\/p>\n<p class=\"ds-markdown-paragraph\">Como cada concha es un tesoro natural, <strong>tu guirnalda ser\u00e1 \u00fanica<\/strong>. Puede presentar ligeras variaciones en el tono, textura o forma, e incluso peque\u00f1as muescas naturales, lo que le otorga un car\u00e1cter especial y aut\u00e9ntico.<\/p>\n<p class=\"ds-markdown-paragraph\">\u2728 <strong>Un pedacito del oc\u00e9ano, lleno de encanto y personalidad, para iluminar tu hogar.<\/strong> \u2728<\/p>\n<p>Lago aproximado: 85 cm<br \/>\nHecho en Filipinas.<\/p>\n","protected":false},"featured_media":6723,"template":"","meta":[],"product_brand":[317],"product_cat":[224,103,402],"product_tag":[],"class_list":{"0":"post-6719","1":"product","2":"type-product","3":"status-publish","4":"has-post-thumbnail","6":"product_brand-casa-gawa","7":"product_cat-recien-llegados","8":"product_cat-deco-moda","9":"product_cat-moda-accesorios","10":"yith_product_brand-casa-gawa","12":"first","13":"instock","14":"taxable","15":"shipping-taxable","16":"purchasable","17":"product-type-simple"},"_links":{"self":[{"href":"https:\/\/casa-gawa.cl\/cg\/wp-json\/wp\/v2\/product\/6719","targetHints":{"allow":["GET"]}}],"collection":[{"href":"https:\/\/casa-gawa.cl\/cg\/wp-json\/wp\/v2\/product"}],"about":[{"href":"https:\/\/casa-gawa.cl\/cg\/wp-json\/wp\/v2\/types\/product"}],"wp:featuredmedia":[{"embeddable":true,"href":"https:\/\/casa-gawa.cl\/cg\/wp-json\/wp\/v2\/media\/6723"}],"wp:attachment":[{"href":"https:\/\/casa-gawa.cl\/cg\/wp-json\/wp\/v2\/media?parent=6719"}],"wp:term":[{"taxonomy":"product_brand","embeddable":true,"href":"https:\/\/casa-gawa.cl\/cg\/wp-json\/wp\/v2\/product_brand?post=6719"},{"taxonomy":"product_cat","embeddable":true,"href":"https:\/\/casa-gawa.cl\/cg\/wp-json\/wp\/v2\/product_cat?post=6719"},{"taxonomy":"product_tag","embeddable":true,"href":"https:\/\/casa-gawa.cl\/cg\/wp-json\/wp\/v2\/product_tag?post=6719"}],"curies":[{"name":"wp","href":"https:\/\/api.w.org\/{rel}","templated":true}]}}