{"id":6697,"date":"2025-12-24T09:37:26","date_gmt":"2025-12-24T13:37:26","guid":{"rendered":"https:\/\/casa-gawa.cl\/cg\/?post_type=product&#038;p=6697"},"modified":"2026-01-12T08:16:16","modified_gmt":"2026-01-12T12:16:16","slug":"porta-lentes-de-capiz","status":"publish","type":"product","link":"https:\/\/casa-gawa.cl\/cg\/tienda\/deco-moda\/mesa\/porta-lentes-de-capiz\/","title":{"rendered":"porta lentes de capiz"},"content":{"rendered":"","protected":false},"excerpt":{"rendered":"<p class=\"ds-markdown-paragraph\"><strong>Porta lentes de forma de animales<\/strong><br \/>\nDecora tu espacio con esta encantadora y funcional pieza. Este porta lentes, con su adorable dise\u00f1o de cabeza de gato, es el accesorio perfecto para descansar su lentes y tambi\u00e9n se podr\u00eda usar para organizar tus objetos m\u00e1s preciados. Fabricado en resistente material Capiz, a\u00f1ade un toque de ternura y estilo a cualquier habitaci\u00f3n.<\/p>\n<ul>\n<li>\n<p class=\"ds-markdown-paragraph\"><strong>Tama\u00f1o aprox:<\/strong> 15 cm largo<\/p>\n<\/li>\n<li>\n<p class=\"ds-markdown-paragraph\"><strong>Material:<\/strong> Concha de Capiz<\/p>\n<\/li>\n<li>\n<p class=\"ds-markdown-paragraph\"><strong>Origen:<\/strong> Fabricado en Filipinas<\/p>\n<\/li>\n<li>\n<p class=\"ds-markdown-paragraph\"><strong>Uso Ideal:<\/strong> Perfecto para portar lentes, guardar anillos, aros, pulseras, collares y otros accesorios peque\u00f1os. Tambi\u00e9n es un excelente objeto decorativo para tu velador o tocador.<\/p>\n<\/li>\n<li>\n<p class=\"ds-markdown-paragraph\"><strong>Cuidados:<\/strong> Limpiar solo con un pa\u00f1o suave y ligeramente h\u00famedo. No colocar objetos calientes sobre \u00e9l.<\/p>\n<\/li>\n<\/ul>\n","protected":false},"featured_media":6709,"template":"","meta":[],"product_brand":[317],"product_cat":[224,103,400,402],"product_tag":[],"class_list":{"0":"post-6697","1":"product","2":"type-product","3":"status-publish","4":"has-post-thumbnail","6":"product_brand-casa-gawa","7":"product_cat-recien-llegados","8":"product_cat-deco-moda","9":"product_cat-mesa","10":"product_cat-moda-accesorios","11":"yith_product_brand-casa-gawa","13":"first","14":"instock","15":"taxable","16":"shipping-taxable","17":"purchasable","18":"product-type-variable"},"_links":{"self":[{"href":"https:\/\/casa-gawa.cl\/cg\/wp-json\/wp\/v2\/product\/6697","targetHints":{"allow":["GET"]}}],"collection":[{"href":"https:\/\/casa-gawa.cl\/cg\/wp-json\/wp\/v2\/product"}],"about":[{"href":"https:\/\/casa-gawa.cl\/cg\/wp-json\/wp\/v2\/types\/product"}],"wp:featuredmedia":[{"embeddable":true,"href":"https:\/\/casa-gawa.cl\/cg\/wp-json\/wp\/v2\/media\/6709"}],"wp:attachment":[{"href":"https:\/\/casa-gawa.cl\/cg\/wp-json\/wp\/v2\/media?parent=6697"}],"wp:term":[{"taxonomy":"product_brand","embeddable":true,"href":"https:\/\/casa-gawa.cl\/cg\/wp-json\/wp\/v2\/product_brand?post=6697"},{"taxonomy":"product_cat","embeddable":true,"href":"https:\/\/casa-gawa.cl\/cg\/wp-json\/wp\/v2\/product_cat?post=6697"},{"taxonomy":"product_tag","embeddable":true,"href":"https:\/\/casa-gawa.cl\/cg\/wp-json\/wp\/v2\/product_tag?post=6697"}],"curies":[{"name":"wp","href":"https:\/\/api.w.org\/{rel}","templated":true}]}}