{"id":6684,"date":"2025-12-24T09:32:29","date_gmt":"2025-12-24T13:32:29","guid":{"rendered":"https:\/\/casa-gawa.cl\/cg\/?post_type=product&#038;p=6684"},"modified":"2026-04-09T12:54:28","modified_gmt":"2026-04-09T16:54:28","slug":"estuche-de-nylon-mesh-multiuso","status":"publish","type":"product","link":"https:\/\/casa-gawa.cl\/cg\/tienda\/deco-moda\/estuches\/estuche-de-nylon-mesh-multiuso\/","title":{"rendered":"Estuche de nylon mesh multiuso"},"content":{"rendered":"","protected":false},"excerpt":{"rendered":"<p>Estuches de nylon multiuso: ordenador para la papeler\u00eda como los l\u00e1pices, etc. y, adem\u00e1s, se puede guardar sus cosas de uso personal como cepillo y pasta dientes y\/o maquillaje &#8211; on the go.<\/p>\n<p>Disponible: con mini llavero delicado y lindo confeccionado a mano por Casa Gaw\u00e2 para agregar un toqu\u00e9 \u00fanico a su estuche seleccionado.<\/p>\n<p>Tama\u00f1o aprox (podr\u00eda variar cada estuche): Largo: 20cm Ancho: 3 cm Alto: 2,5 cm<\/p>\n<p>Nota: No recomienda para menores por los partes peque\u00f1os del estuche y del mini llavero.<\/p>\n","protected":false},"featured_media":6685,"template":"","meta":[],"product_brand":[317],"product_cat":[224,52,103,398,26,235],"product_tag":[],"class_list":{"0":"post-6684","1":"product","2":"type-product","3":"status-publish","4":"has-post-thumbnail","6":"product_brand-casa-gawa","7":"product_cat-recien-llegados","8":"product_cat-accesorios","9":"product_cat-deco-moda","10":"product_cat-estuches","11":"product_cat-lapices","12":"product_cat-organizadores","13":"yith_product_brand-casa-gawa","15":"first","16":"instock","17":"taxable","18":"shipping-taxable","19":"purchasable","20":"product-type-variable"},"_links":{"self":[{"href":"https:\/\/casa-gawa.cl\/cg\/wp-json\/wp\/v2\/product\/6684","targetHints":{"allow":["GET"]}}],"collection":[{"href":"https:\/\/casa-gawa.cl\/cg\/wp-json\/wp\/v2\/product"}],"about":[{"href":"https:\/\/casa-gawa.cl\/cg\/wp-json\/wp\/v2\/types\/product"}],"wp:featuredmedia":[{"embeddable":true,"href":"https:\/\/casa-gawa.cl\/cg\/wp-json\/wp\/v2\/media\/6685"}],"wp:attachment":[{"href":"https:\/\/casa-gawa.cl\/cg\/wp-json\/wp\/v2\/media?parent=6684"}],"wp:term":[{"taxonomy":"product_brand","embeddable":true,"href":"https:\/\/casa-gawa.cl\/cg\/wp-json\/wp\/v2\/product_brand?post=6684"},{"taxonomy":"product_cat","embeddable":true,"href":"https:\/\/casa-gawa.cl\/cg\/wp-json\/wp\/v2\/product_cat?post=6684"},{"taxonomy":"product_tag","embeddable":true,"href":"https:\/\/casa-gawa.cl\/cg\/wp-json\/wp\/v2\/product_tag?post=6684"}],"curies":[{"name":"wp","href":"https:\/\/api.w.org\/{rel}","templated":true}]}}