{"id":6683,"date":"2025-12-24T05:52:35","date_gmt":"2025-12-24T09:52:35","guid":{"rendered":"https:\/\/casa-gawa.cl\/cg\/?post_type=product&#038;p=6683"},"modified":"2026-01-31T17:45:02","modified_gmt":"2026-01-31T21:45:02","slug":"toolbox-multi-uso-t-192-negra","status":"publish","type":"product","link":"https:\/\/casa-gawa.cl\/cg\/tienda\/organizadores\/toolbox-multi-uso-t-192-negra\/","title":{"rendered":"Toolbox multi-uso T-192 Negra"},"content":{"rendered":"","protected":false},"excerpt":{"rendered":"<p>Es un nuevo modelo.<br \/>\nCaja metal multiuso: en manualidades y hobby, colecci\u00f3n de papeler\u00eda, para costura, como un botiqu\u00edn, de construcci\u00f3n,\u00a0 joyero, entre otros usos.<br \/>\nCon su tama\u00f1o, que es un tercio de la altura de la serie T-190, es muy conveniente para guardar sus colecciones de l\u00e1pices y otros accesorios de papeler\u00eda.<\/p>\n<p>Hecho a partir de <strong>una sola placa de acero sin costuras<\/strong>, , este producto es duradero y funcional. Es ligero y port\u00e1til y apilable<\/p>\n<div class=\"woocommerce-product-details__short-description\">\n<p>Modelo: T-192BK<br \/>\nColor: Negra<br \/>\nTextura: Matte<br \/>\nMedidas interior: W18,6xD8,8x<strong>H2,5 cm<\/strong><br \/>\nMedidas exterior: W20,3xD10,9x<strong>H3,5 cm<\/strong><\/p>\n<\/div>\n","protected":false},"featured_media":6680,"template":"","meta":[],"product_brand":[289],"product_cat":[235],"product_tag":[204,277,276,237],"class_list":{"0":"post-6683","1":"product","2":"type-product","3":"status-publish","4":"has-post-thumbnail","6":"product_brand-toyo-steel","7":"product_cat-organizadores","8":"product_tag-caja","9":"product_tag-metal","10":"product_tag-toolbox","11":"product_tag-toyo-steel","12":"product_shipping_class-correos-valdivia-centro-mas3kg","13":"yith_product_brand-toyo-steel","15":"first","16":"instock","17":"taxable","18":"shipping-taxable","19":"purchasable","20":"product-type-simple"},"_links":{"self":[{"href":"https:\/\/casa-gawa.cl\/cg\/wp-json\/wp\/v2\/product\/6683","targetHints":{"allow":["GET"]}}],"collection":[{"href":"https:\/\/casa-gawa.cl\/cg\/wp-json\/wp\/v2\/product"}],"about":[{"href":"https:\/\/casa-gawa.cl\/cg\/wp-json\/wp\/v2\/types\/product"}],"wp:featuredmedia":[{"embeddable":true,"href":"https:\/\/casa-gawa.cl\/cg\/wp-json\/wp\/v2\/media\/6680"}],"wp:attachment":[{"href":"https:\/\/casa-gawa.cl\/cg\/wp-json\/wp\/v2\/media?parent=6683"}],"wp:term":[{"taxonomy":"product_brand","embeddable":true,"href":"https:\/\/casa-gawa.cl\/cg\/wp-json\/wp\/v2\/product_brand?post=6683"},{"taxonomy":"product_cat","embeddable":true,"href":"https:\/\/casa-gawa.cl\/cg\/wp-json\/wp\/v2\/product_cat?post=6683"},{"taxonomy":"product_tag","embeddable":true,"href":"https:\/\/casa-gawa.cl\/cg\/wp-json\/wp\/v2\/product_tag?post=6683"}],"curies":[{"name":"wp","href":"https:\/\/api.w.org\/{rel}","templated":true}]}}