{"id":6670,"date":"2026-01-31T17:41:20","date_gmt":"2026-01-31T21:41:20","guid":{"rendered":"https:\/\/casa-gawa.cl\/cg\/?post_type=product&#038;p=6670"},"modified":"2026-02-16T17:59:31","modified_gmt":"2026-02-16T21:59:31","slug":"toolbox-multi-uso-t-190-negra","status":"publish","type":"product","link":"https:\/\/casa-gawa.cl\/cg\/tienda\/organizadores\/toolbox-multi-uso-t-190-negra\/","title":{"rendered":"Toolbox multi-uso T-190 Negra"},"content":{"rendered":"","protected":false},"excerpt":{"rendered":"<p>Es un nuevo color de la serie.<br \/>\n(Por favor, tener en cuenta que la toma de foto podr\u00eda que tenga diferencia con el color actual de la caja.)<\/p>\n<p>Caja metal multiuso: en manualidades y hobby, colecci\u00f3n de papeler\u00eda, para costura, como un botiqu\u00edn, de construcci\u00f3n,\u00a0 joyero, entre otros usos.<\/p>\n<div class=\"woocommerce-product-details__short-description\">\n<p>Hecho a partir de <strong>una sola placa de acero sin costuras<\/strong>, , este producto es duradero y funcional. Es ligero y port\u00e1til y apilable<\/p>\n<p>Modelo: T-190BK<br \/>\nColor: Negra<br \/>\nTextura: Matte<br \/>\nMedidas interior: W18,6xD8,8xH4,1 cm<br \/>\nMedidas exterior: W20,3xD10,9xH5,6 cm<\/p>\n<\/div>\n","protected":false},"featured_media":6671,"template":"","meta":[],"product_brand":[289],"product_cat":[235],"product_tag":[204,277,276,237],"class_list":{"0":"post-6670","1":"product","2":"type-product","3":"status-publish","4":"has-post-thumbnail","6":"product_brand-toyo-steel","7":"product_cat-organizadores","8":"product_tag-caja","9":"product_tag-metal","10":"product_tag-toolbox","11":"product_tag-toyo-steel","12":"product_shipping_class-correos-valdivia-centro-mas3kg","13":"yith_product_brand-toyo-steel","15":"first","16":"instock","17":"taxable","18":"shipping-taxable","19":"purchasable","20":"product-type-simple"},"_links":{"self":[{"href":"https:\/\/casa-gawa.cl\/cg\/wp-json\/wp\/v2\/product\/6670","targetHints":{"allow":["GET"]}}],"collection":[{"href":"https:\/\/casa-gawa.cl\/cg\/wp-json\/wp\/v2\/product"}],"about":[{"href":"https:\/\/casa-gawa.cl\/cg\/wp-json\/wp\/v2\/types\/product"}],"wp:featuredmedia":[{"embeddable":true,"href":"https:\/\/casa-gawa.cl\/cg\/wp-json\/wp\/v2\/media\/6671"}],"wp:attachment":[{"href":"https:\/\/casa-gawa.cl\/cg\/wp-json\/wp\/v2\/media?parent=6670"}],"wp:term":[{"taxonomy":"product_brand","embeddable":true,"href":"https:\/\/casa-gawa.cl\/cg\/wp-json\/wp\/v2\/product_brand?post=6670"},{"taxonomy":"product_cat","embeddable":true,"href":"https:\/\/casa-gawa.cl\/cg\/wp-json\/wp\/v2\/product_cat?post=6670"},{"taxonomy":"product_tag","embeddable":true,"href":"https:\/\/casa-gawa.cl\/cg\/wp-json\/wp\/v2\/product_tag?post=6670"}],"curies":[{"name":"wp","href":"https:\/\/api.w.org\/{rel}","templated":true}]}}