{"id":6630,"date":"2026-01-31T17:41:20","date_gmt":"2026-01-31T21:41:20","guid":{"rendered":"https:\/\/casa-gawa.cl\/cg\/?post_type=product&#038;p=6630"},"modified":"2026-01-31T17:41:20","modified_gmt":"2026-01-31T21:41:20","slug":"toolbox-multi-uso-y-280-negra","status":"publish","type":"product","link":"https:\/\/casa-gawa.cl\/cg\/tienda\/organizadores\/toolbox-multi-uso-y-280-negra\/","title":{"rendered":"Toolbox multi-uso Y-280 Negra"},"content":{"rendered":"","protected":false},"excerpt":{"rendered":"<p>Caja metal multiuso: en manualidades y hobby, colecci\u00f3n de papeler\u00eda, para costura, como un botiqu\u00edn, de construcci\u00f3n,\u00a0 joyero, entre otros usos.<br \/>\nHecho a partir de una sola placa de acero sin costuras, con un mango redondo sin bordes afilados, este producto es duradero y funcional. Se puede acoplar con una cerradura de cilindro de \u03c64mm, y su cubierta superior Camber permite una mayor capacidad.<\/p>\n<p>Modelo: Y-280BK<br \/>\nColor: Negra<br \/>\nTextura: Matte<br \/>\nMedidas interior: 27,6&#215;13,6&#215;7,0 cm<br \/>\nMedidas exterior: 30,4&#215;16,4&#215;12,3 cm<\/p>\n<p>&nbsp;<\/p>\n","protected":false},"featured_media":6631,"template":"","meta":[],"product_brand":[289],"product_cat":[235],"product_tag":[204,277,276,237],"class_list":{"0":"post-6630","1":"product","2":"type-product","3":"status-publish","4":"has-post-thumbnail","6":"product_brand-toyo-steel","7":"product_cat-organizadores","8":"product_tag-caja","9":"product_tag-metal","10":"product_tag-toolbox","11":"product_tag-toyo-steel","12":"product_shipping_class-correos-valdivia-centro-mas3kg","13":"yith_product_brand-toyo-steel","15":"first","16":"instock","17":"taxable","18":"shipping-taxable","19":"purchasable","20":"product-type-simple"},"_links":{"self":[{"href":"https:\/\/casa-gawa.cl\/cg\/wp-json\/wp\/v2\/product\/6630","targetHints":{"allow":["GET"]}}],"collection":[{"href":"https:\/\/casa-gawa.cl\/cg\/wp-json\/wp\/v2\/product"}],"about":[{"href":"https:\/\/casa-gawa.cl\/cg\/wp-json\/wp\/v2\/types\/product"}],"wp:featuredmedia":[{"embeddable":true,"href":"https:\/\/casa-gawa.cl\/cg\/wp-json\/wp\/v2\/media\/6631"}],"wp:attachment":[{"href":"https:\/\/casa-gawa.cl\/cg\/wp-json\/wp\/v2\/media?parent=6630"}],"wp:term":[{"taxonomy":"product_brand","embeddable":true,"href":"https:\/\/casa-gawa.cl\/cg\/wp-json\/wp\/v2\/product_brand?post=6630"},{"taxonomy":"product_cat","embeddable":true,"href":"https:\/\/casa-gawa.cl\/cg\/wp-json\/wp\/v2\/product_cat?post=6630"},{"taxonomy":"product_tag","embeddable":true,"href":"https:\/\/casa-gawa.cl\/cg\/wp-json\/wp\/v2\/product_tag?post=6630"}],"curies":[{"name":"wp","href":"https:\/\/api.w.org\/{rel}","templated":true}]}}