{"id":6623,"date":"2026-01-31T17:41:20","date_gmt":"2026-01-31T21:41:20","guid":{"rendered":"https:\/\/casa-gawa.cl\/cg\/?post_type=product&#038;p=6623"},"modified":"2026-02-26T11:42:07","modified_gmt":"2026-02-26T15:42:07","slug":"toolbox-multi-uso-t-320-roja","status":"publish","type":"product","link":"https:\/\/casa-gawa.cl\/cg\/tienda\/organizadores\/toolbox-multi-uso-t-320-roja\/","title":{"rendered":"Toolbox multi-uso T-320 roja"},"content":{"rendered":"","protected":false},"excerpt":{"rendered":"<p>Caja metal multiuso: en manualidades y hobby, colecci\u00f3n de papeler\u00eda, para costura, como un botiqu\u00edn, de construcci\u00f3n,\u00a0 joyero, entre otros usos.<br \/>\nHecho a partir de una sola placa de acero sin costuras, tiene un <span class=\"HwtZe\" lang=\"es\"><span class=\"jCAhz ChMk0b\"><span class=\"ryNqvb\">Mango redondo sin bordes afilados<\/span><\/span><\/span>. Este producto es duradero y funcional. Es a<span class=\"HwtZe\" lang=\"es\"><span class=\"jCAhz ChMk0b\"><span class=\"ryNqvb\">coplable con cerradura de cilindro de \u03c64 mm<\/span><\/span><\/span><\/p>\n<p>Modelo: T-320R<br \/>\nColor: Roja<br \/>\nTextura: Glossy (Brillante)<br \/>\nMedidas interior: W31,1xD11,5xH6,6 cm<br \/>\nMedidas exterior: W33,3xD13,7xH9,65 cm<\/p>\n","protected":false},"featured_media":6624,"template":"","meta":[],"product_brand":[289],"product_cat":[235],"product_tag":[204,277,276,237],"class_list":{"0":"post-6623","1":"product","2":"type-product","3":"status-publish","4":"has-post-thumbnail","6":"product_brand-toyo-steel","7":"product_cat-organizadores","8":"product_tag-caja","9":"product_tag-metal","10":"product_tag-toolbox","11":"product_tag-toyo-steel","12":"product_shipping_class-correos-valdivia-centro-mas3kg","13":"yith_product_brand-toyo-steel","15":"first","16":"instock","17":"taxable","18":"shipping-taxable","19":"purchasable","20":"product-type-simple"},"_links":{"self":[{"href":"https:\/\/casa-gawa.cl\/cg\/wp-json\/wp\/v2\/product\/6623","targetHints":{"allow":["GET"]}}],"collection":[{"href":"https:\/\/casa-gawa.cl\/cg\/wp-json\/wp\/v2\/product"}],"about":[{"href":"https:\/\/casa-gawa.cl\/cg\/wp-json\/wp\/v2\/types\/product"}],"wp:featuredmedia":[{"embeddable":true,"href":"https:\/\/casa-gawa.cl\/cg\/wp-json\/wp\/v2\/media\/6624"}],"wp:attachment":[{"href":"https:\/\/casa-gawa.cl\/cg\/wp-json\/wp\/v2\/media?parent=6623"}],"wp:term":[{"taxonomy":"product_brand","embeddable":true,"href":"https:\/\/casa-gawa.cl\/cg\/wp-json\/wp\/v2\/product_brand?post=6623"},{"taxonomy":"product_cat","embeddable":true,"href":"https:\/\/casa-gawa.cl\/cg\/wp-json\/wp\/v2\/product_cat?post=6623"},{"taxonomy":"product_tag","embeddable":true,"href":"https:\/\/casa-gawa.cl\/cg\/wp-json\/wp\/v2\/product_tag?post=6623"}],"curies":[{"name":"wp","href":"https:\/\/api.w.org\/{rel}","templated":true}]}}