{"id":6589,"date":"2025-12-15T21:09:33","date_gmt":"2025-12-16T01:09:33","guid":{"rendered":"https:\/\/casa-gawa.cl\/cg\/?post_type=product&#038;p=6589"},"modified":"2026-02-02T13:58:49","modified_gmt":"2026-02-02T17:58:49","slug":"diario-a5-pintado-a-mano-camara-antigua","status":"publish","type":"product","link":"https:\/\/casa-gawa.cl\/cg\/tienda\/papeleria\/cuadernos\/diario-a5-pintado-a-mano-camara-antigua\/","title":{"rendered":"Diario A5 pintado a mano &#8211; c\u00e1mara antigua"},"content":{"rendered":"<p>Nota importante: Dado a su naturaleza, podr\u00eda encontrar imperfecciones.<\/p>\n<p>Ha sido tocado, pintado y encuadernado a mano a la perfecci\u00f3n. Tiene una cinta adjuntada como marcador del cuaderno. Es pintado a mano y cada cuaderno es \u00fanico.Las peque\u00f1as variaciones en el patr\u00f3n, el color y la apariencia que son el encanto hecho a mano. Es un articulo de papeler\u00eda imprescindible, este diario ecol\u00f3gico contribuye en gran medida a empoderar a los artesanos indios que lo han hecho; d\u00e1ndoles un ingreso sostenido. Tambi\u00e9n conserva el oficio de hacer libros hechos a mano, una habilidad que le da un toque personal a cada ofrenda.<\/p>\n<p>Instrucci\u00f3n: Evite cualquier contacto con el agua. Secar a la luz lo antes posible en caso de exposici\u00f3n al liquido.<\/p>\n","protected":false},"excerpt":{"rendered":"<p>Cuaderno tapadura &#8211; Diario pintado a mano por artesanos en India.<br \/>\nDise\u00f1o: c\u00e1mara antigua<br \/>\nTama\u00f1o: A5<\/p>\n","protected":false},"featured_media":6587,"template":"","meta":[],"product_brand":[],"product_cat":[224,45,40],"product_tag":[126,127,125],"class_list":{"0":"post-6589","1":"product","2":"type-product","3":"status-publish","4":"has-post-thumbnail","6":"product_cat-recien-llegados","7":"product_cat-cuadernos","8":"product_cat-papeleria","9":"product_tag-hecho-a-mano","10":"product_tag-papel-hecho-a-mano","11":"product_tag-papel-reciclado","12":"product_shipping_class-correos-valdivia-centro-mas3kg","14":"first","15":"instock","16":"taxable","17":"shipping-taxable","18":"purchasable","19":"product-type-simple"},"_links":{"self":[{"href":"https:\/\/casa-gawa.cl\/cg\/wp-json\/wp\/v2\/product\/6589","targetHints":{"allow":["GET"]}}],"collection":[{"href":"https:\/\/casa-gawa.cl\/cg\/wp-json\/wp\/v2\/product"}],"about":[{"href":"https:\/\/casa-gawa.cl\/cg\/wp-json\/wp\/v2\/types\/product"}],"wp:featuredmedia":[{"embeddable":true,"href":"https:\/\/casa-gawa.cl\/cg\/wp-json\/wp\/v2\/media\/6587"}],"wp:attachment":[{"href":"https:\/\/casa-gawa.cl\/cg\/wp-json\/wp\/v2\/media?parent=6589"}],"wp:term":[{"taxonomy":"product_brand","embeddable":true,"href":"https:\/\/casa-gawa.cl\/cg\/wp-json\/wp\/v2\/product_brand?post=6589"},{"taxonomy":"product_cat","embeddable":true,"href":"https:\/\/casa-gawa.cl\/cg\/wp-json\/wp\/v2\/product_cat?post=6589"},{"taxonomy":"product_tag","embeddable":true,"href":"https:\/\/casa-gawa.cl\/cg\/wp-json\/wp\/v2\/product_tag?post=6589"}],"curies":[{"name":"wp","href":"https:\/\/api.w.org\/{rel}","templated":true}]}}