{"id":6566,"date":"2025-12-15T20:28:13","date_gmt":"2025-12-16T00:28:13","guid":{"rendered":"https:\/\/casa-gawa.cl\/cg\/?post_type=product&#038;p=6566"},"modified":"2025-12-26T14:02:48","modified_gmt":"2025-12-26T18:02:48","slug":"sobres-pochi-tanuki","status":"publish","type":"product","link":"https:\/\/casa-gawa.cl\/cg\/tienda\/tarjetas-postales\/cartas\/sobres-pochi-tanuki\/","title":{"rendered":"sobres pochi &#8211; mono de nieve"},"content":{"rendered":"","protected":false},"excerpt":{"rendered":"<p>Un set de 5 sobres mini (Pochibukuro) . Tama\u00f1o para poner billetes doblado en tres. Bueno tambi\u00e9n para poner tarjetitas de saludos o regalitos peque\u00f1os.<\/p>\n<p>Dise\u00f1o: monos de nieve<\/p>\n<p>Los dise\u00f1os est\u00e1n basados en ilustraciones dibujado a mano.<\/p>\n<p>Medida: 64mm ancho x 97mm\u00a0 largo<br \/>\nOrigen y fabricado en jap\u00f3n (Osaka)<\/p>\n","protected":false},"featured_media":6568,"template":"","meta":[],"product_brand":[419],"product_cat":[206,224,346,311,404,148],"product_tag":[],"class_list":{"0":"post-6566","1":"product","2":"type-product","3":"status-publish","4":"has-post-thumbnail","6":"product_brand-seitousha","7":"product_cat-navidad","8":"product_cat-recien-llegados","9":"product_cat-cartas","10":"product_cat-papel-decorativo","11":"product_cat-sobres","12":"product_cat-tarjetas-postales","13":"yith_product_brand-seitousha","15":"first","16":"instock","17":"taxable","18":"shipping-taxable","19":"purchasable","20":"product-type-simple"},"_links":{"self":[{"href":"https:\/\/casa-gawa.cl\/cg\/wp-json\/wp\/v2\/product\/6566","targetHints":{"allow":["GET"]}}],"collection":[{"href":"https:\/\/casa-gawa.cl\/cg\/wp-json\/wp\/v2\/product"}],"about":[{"href":"https:\/\/casa-gawa.cl\/cg\/wp-json\/wp\/v2\/types\/product"}],"wp:featuredmedia":[{"embeddable":true,"href":"https:\/\/casa-gawa.cl\/cg\/wp-json\/wp\/v2\/media\/6568"}],"wp:attachment":[{"href":"https:\/\/casa-gawa.cl\/cg\/wp-json\/wp\/v2\/media?parent=6566"}],"wp:term":[{"taxonomy":"product_brand","embeddable":true,"href":"https:\/\/casa-gawa.cl\/cg\/wp-json\/wp\/v2\/product_brand?post=6566"},{"taxonomy":"product_cat","embeddable":true,"href":"https:\/\/casa-gawa.cl\/cg\/wp-json\/wp\/v2\/product_cat?post=6566"},{"taxonomy":"product_tag","embeddable":true,"href":"https:\/\/casa-gawa.cl\/cg\/wp-json\/wp\/v2\/product_tag?post=6566"}],"curies":[{"name":"wp","href":"https:\/\/api.w.org\/{rel}","templated":true}]}}