{"id":6557,"date":"2025-12-15T20:13:10","date_gmt":"2025-12-16T00:13:10","guid":{"rendered":"https:\/\/casa-gawa.cl\/cg\/?post_type=product&#038;p=6557"},"modified":"2026-03-14T12:48:57","modified_gmt":"2026-03-14T16:48:57","slug":"set-de-cartas-lalang","status":"publish","type":"product","link":"https:\/\/casa-gawa.cl\/cg\/tienda\/tarjetas-postales\/cartas\/set-de-cartas-lalang\/","title":{"rendered":"set de cartas &#8211;  Lalang"},"content":{"rendered":"","protected":false},"excerpt":{"rendered":"<p>Un set de 15 hojas de papel\u00a0 vegetal. Es translucido que agrega elegancia en cada mensaje. carta o invitaci\u00f3n. Usa l\u00e1piz grafito , l\u00e1piz gel o pigmento de secado r\u00e1pido, tinta caligraf\u00eda para escribir<\/p>\n<p>Dise\u00f1o: lalang \/ flores<\/p>\n<p>Los dise\u00f1os est\u00e1n basados en ilustraciones dibujado a mano.<\/p>\n<p>Medida: 60mm ancho x 130mm largo<br \/>\npapel diamante \/ papel de calco \/ papel vegetal<\/p>\n<p>Origen y fabricado en jap\u00f3n<\/p>\n","protected":false},"featured_media":6558,"template":"","meta":[],"product_brand":[419],"product_cat":[346,242,41,311,40,148],"product_tag":[],"class_list":{"0":"post-6557","1":"product","2":"type-product","3":"status-publish","4":"has-post-thumbnail","6":"product_brand-seitousha","7":"product_cat-cartas","8":"product_cat-gift-wrap-regalos","9":"product_cat-memo","10":"product_cat-papel-decorativo","11":"product_cat-papeleria","12":"product_cat-tarjetas-postales","13":"yith_product_brand-seitousha","15":"first","16":"instock","17":"sale","18":"taxable","19":"shipping-taxable","20":"purchasable","21":"product-type-simple"},"_links":{"self":[{"href":"https:\/\/casa-gawa.cl\/cg\/wp-json\/wp\/v2\/product\/6557","targetHints":{"allow":["GET"]}}],"collection":[{"href":"https:\/\/casa-gawa.cl\/cg\/wp-json\/wp\/v2\/product"}],"about":[{"href":"https:\/\/casa-gawa.cl\/cg\/wp-json\/wp\/v2\/types\/product"}],"wp:featuredmedia":[{"embeddable":true,"href":"https:\/\/casa-gawa.cl\/cg\/wp-json\/wp\/v2\/media\/6558"}],"wp:attachment":[{"href":"https:\/\/casa-gawa.cl\/cg\/wp-json\/wp\/v2\/media?parent=6557"}],"wp:term":[{"taxonomy":"product_brand","embeddable":true,"href":"https:\/\/casa-gawa.cl\/cg\/wp-json\/wp\/v2\/product_brand?post=6557"},{"taxonomy":"product_cat","embeddable":true,"href":"https:\/\/casa-gawa.cl\/cg\/wp-json\/wp\/v2\/product_cat?post=6557"},{"taxonomy":"product_tag","embeddable":true,"href":"https:\/\/casa-gawa.cl\/cg\/wp-json\/wp\/v2\/product_tag?post=6557"}],"curies":[{"name":"wp","href":"https:\/\/api.w.org\/{rel}","templated":true}]}}