{"id":6450,"date":"2025-12-14T21:47:47","date_gmt":"2025-12-15T01:47:47","guid":{"rendered":"https:\/\/casa-gawa.cl\/cg\/?post_type=product&#038;p=6450"},"modified":"2026-02-09T00:24:33","modified_gmt":"2026-02-09T04:24:33","slug":"set-de-caligrafia-estilo-vintage","status":"publish","type":"product","link":"https:\/\/casa-gawa.cl\/cg\/tienda\/lapices\/caligrafia\/set-de-caligrafia-estilo-vintage\/","title":{"rendered":"Set de Caligraf\u00eda estilo vintage"},"content":{"rendered":"","protected":false},"excerpt":{"rendered":"<div class=\"ds-message _63c77b1\">\n<div class=\"ds-markdown\">\n<p class=\"ds-markdown-paragraph\">Rubinato Caligraf\u00eda &#8211; estilo vintage<br \/>\nSets de Caligraf\u00eda &#8211; Kits para Regalo<br \/>\nset de 9 (nueve) Plumas de escritura sobre cartulina museo con portaplumas y plantilla de letras<\/p>\n<p>Tama\u00f1o del cart\u00f3n: 22,00 \u00d7 11,30 \u00d7 2,00 cm<\/p>\n<p>Origen: EU (Austria \/ Alemania)<\/p>\n<\/div>\n<\/div>\n","protected":false},"featured_media":6452,"template":"","meta":[],"product_brand":[358],"product_cat":[224,417,316,26,396],"product_tag":[],"class_list":{"0":"post-6450","1":"product","2":"type-product","3":"status-publish","4":"has-post-thumbnail","6":"product_brand-standardgraph","7":"product_cat-recien-llegados","8":"product_cat-caligrafia","9":"product_cat-gift-sets","10":"product_cat-lapices","11":"product_cat-tinta-y-plumas","12":"yith_product_brand-standardgraph","14":"first","15":"instock","16":"featured","17":"taxable","18":"shipping-taxable","19":"purchasable","20":"product-type-simple"},"_links":{"self":[{"href":"https:\/\/casa-gawa.cl\/cg\/wp-json\/wp\/v2\/product\/6450","targetHints":{"allow":["GET"]}}],"collection":[{"href":"https:\/\/casa-gawa.cl\/cg\/wp-json\/wp\/v2\/product"}],"about":[{"href":"https:\/\/casa-gawa.cl\/cg\/wp-json\/wp\/v2\/types\/product"}],"wp:featuredmedia":[{"embeddable":true,"href":"https:\/\/casa-gawa.cl\/cg\/wp-json\/wp\/v2\/media\/6452"}],"wp:attachment":[{"href":"https:\/\/casa-gawa.cl\/cg\/wp-json\/wp\/v2\/media?parent=6450"}],"wp:term":[{"taxonomy":"product_brand","embeddable":true,"href":"https:\/\/casa-gawa.cl\/cg\/wp-json\/wp\/v2\/product_brand?post=6450"},{"taxonomy":"product_cat","embeddable":true,"href":"https:\/\/casa-gawa.cl\/cg\/wp-json\/wp\/v2\/product_cat?post=6450"},{"taxonomy":"product_tag","embeddable":true,"href":"https:\/\/casa-gawa.cl\/cg\/wp-json\/wp\/v2\/product_tag?post=6450"}],"curies":[{"name":"wp","href":"https:\/\/api.w.org\/{rel}","templated":true}]}}