{"id":6346,"date":"2025-11-17T16:22:52","date_gmt":"2025-11-17T20:22:52","guid":{"rendered":"https:\/\/casa-gawa.cl\/cg\/?post_type=product&#038;p=6346"},"modified":"2026-02-02T21:10:14","modified_gmt":"2026-02-03T01:10:14","slug":"estuche-smls-flores","status":"publish","type":"product","link":"https:\/\/casa-gawa.cl\/cg\/tienda\/deco-moda\/estuches\/estuche-smls-flores\/","title":{"rendered":"Estuche Artesanal SMLS flores &#8211; Exclusivo en Casa Gaw\u00e2"},"content":{"rendered":"","protected":false},"excerpt":{"rendered":"<p class=\"ds-markdown-paragraph\">Descubre la exclusividad hecha a mano. Este estuche \u00fanico es creado por la emprendedora independiente SMLS y disponible exclusivamente en Casa Gaw\u00e2.<\/p>\n<p class=\"ds-markdown-paragraph\">Cada pieza es confeccionada artesanalmente con telas seleccionadas y un suave acolchado de napa, perfecto para guardar tus l\u00e1pices, cables, maquillaje o accesorios m\u00e1s valiosos.<\/p>\n<p class=\"ds-markdown-paragraph\"><strong>Por qu\u00e9 es especial:<\/strong><\/p>\n<ul>\n<li>\n<p class=\"ds-markdown-paragraph\">Pieza \u00fanica e irrepetible<\/p>\n<\/li>\n<li>\n<p class=\"ds-markdown-paragraph\">Confecci\u00f3n 100% artesanal<\/p>\n<\/li>\n<li>\n<p class=\"ds-markdown-paragraph\">Dise\u00f1o exclusivo de SMLS<\/p>\n<\/li>\n<li>\n<p class=\"ds-markdown-paragraph\">Disponible solo en Casa Gaw\u00e2<\/p>\n<\/li>\n<li>\n<p class=\"ds-markdown-paragraph\">Medidas: 19&#215;11,5 cm aprox.<\/p>\n<\/li>\n<\/ul>\n<p class=\"ds-markdown-paragraph\"><em>Nota: Cada estuche es \u00fanico y puede presentar ligeras variaciones que forman parte de su car\u00e1cter artesanal. Los colores en las fotograf\u00edas pueden variar ligeramente del producto f\u00edsico debido a la iluminaci\u00f3n y caracter\u00edsticas de tu pantalla.<\/em><\/p>\n","protected":false},"featured_media":6347,"template":"","meta":[],"product_brand":[407],"product_cat":[103,398,26],"product_tag":[],"class_list":{"0":"post-6346","1":"product","2":"type-product","3":"status-publish","4":"has-post-thumbnail","6":"product_brand-smls","7":"product_cat-deco-moda","8":"product_cat-estuches","9":"product_cat-lapices","10":"yith_product_brand-smls","12":"first","13":"instock","14":"taxable","15":"shipping-taxable","16":"purchasable","17":"product-type-simple"},"_links":{"self":[{"href":"https:\/\/casa-gawa.cl\/cg\/wp-json\/wp\/v2\/product\/6346","targetHints":{"allow":["GET"]}}],"collection":[{"href":"https:\/\/casa-gawa.cl\/cg\/wp-json\/wp\/v2\/product"}],"about":[{"href":"https:\/\/casa-gawa.cl\/cg\/wp-json\/wp\/v2\/types\/product"}],"wp:featuredmedia":[{"embeddable":true,"href":"https:\/\/casa-gawa.cl\/cg\/wp-json\/wp\/v2\/media\/6347"}],"wp:attachment":[{"href":"https:\/\/casa-gawa.cl\/cg\/wp-json\/wp\/v2\/media?parent=6346"}],"wp:term":[{"taxonomy":"product_brand","embeddable":true,"href":"https:\/\/casa-gawa.cl\/cg\/wp-json\/wp\/v2\/product_brand?post=6346"},{"taxonomy":"product_cat","embeddable":true,"href":"https:\/\/casa-gawa.cl\/cg\/wp-json\/wp\/v2\/product_cat?post=6346"},{"taxonomy":"product_tag","embeddable":true,"href":"https:\/\/casa-gawa.cl\/cg\/wp-json\/wp\/v2\/product_tag?post=6346"}],"curies":[{"name":"wp","href":"https:\/\/api.w.org\/{rel}","templated":true}]}}