{"id":6175,"date":"2025-09-14T00:07:39","date_gmt":"2025-09-14T04:07:39","guid":{"rendered":"https:\/\/casa-gawa.cl\/cg\/?post_type=product&#038;p=6175"},"modified":"2026-04-18T18:18:53","modified_gmt":"2026-04-18T22:18:53","slug":"lapiz-de-madera-portaminas-mini-0-9mm-x10mm","status":"publish","type":"product","link":"https:\/\/casa-gawa.cl\/cg\/tienda\/lapices\/portamina\/lapiz-de-madera-portaminas-mini-0-9mm-x10mm\/","title":{"rendered":"l\u00e1piz de madera portaminas mini 0.9mm x10mm"},"content":{"rendered":"","protected":false},"excerpt":{"rendered":"<p>Este l\u00e1piz de portaminas retr\u00e1ctil 0,9mm, viene con un tubo de repuesto, tiene un dise\u00f1o balanceado de un toqu\u00e9 cl\u00e1sico por ser material de madera y de modernidad por su funci\u00f3n de portaminas. Este l\u00e1piz hexagonal viene con una impresi\u00f3n con folio dorado y cubierto lacada. Su punta tiene una madera expuesta que se parece fue afilado por una sacapuntas. Con el clic en el bot\u00f3n met\u00e1lico del extremo de presi\u00f3n extiende la mina del interior.<\/p>\n<p>Color disponible: natural<\/p>\n<p>Mina: 0,9 mm (viene un tubo de repuesto)<br \/>\nLargo: 10,0 cm<br \/>\nDi\u00e1metro: 8mm<br \/>\nMaterial: Madera \/ Metal<\/p>\n<p>Marca y\u00a0 fabricado en jap\u00f3n.<\/p>\n<p>Nota: Para el primer uso, presiona varias veces hasta que la mina en la punta aparece.<\/p>\n","protected":false},"featured_media":6181,"template":"","meta":[],"product_brand":[287],"product_cat":[224,26,40,387],"product_tag":[],"class_list":{"0":"post-6175","1":"product","2":"type-product","3":"status-publish","4":"has-post-thumbnail","6":"product_brand-camel-pencil","7":"product_cat-recien-llegados","8":"product_cat-lapices","9":"product_cat-papeleria","10":"product_cat-portamina","11":"yith_product_brand-camel","13":"first","14":"instock","15":"taxable","16":"shipping-taxable","17":"purchasable","18":"product-type-simple"},"_links":{"self":[{"href":"https:\/\/casa-gawa.cl\/cg\/wp-json\/wp\/v2\/product\/6175","targetHints":{"allow":["GET"]}}],"collection":[{"href":"https:\/\/casa-gawa.cl\/cg\/wp-json\/wp\/v2\/product"}],"about":[{"href":"https:\/\/casa-gawa.cl\/cg\/wp-json\/wp\/v2\/types\/product"}],"wp:featuredmedia":[{"embeddable":true,"href":"https:\/\/casa-gawa.cl\/cg\/wp-json\/wp\/v2\/media\/6181"}],"wp:attachment":[{"href":"https:\/\/casa-gawa.cl\/cg\/wp-json\/wp\/v2\/media?parent=6175"}],"wp:term":[{"taxonomy":"product_brand","embeddable":true,"href":"https:\/\/casa-gawa.cl\/cg\/wp-json\/wp\/v2\/product_brand?post=6175"},{"taxonomy":"product_cat","embeddable":true,"href":"https:\/\/casa-gawa.cl\/cg\/wp-json\/wp\/v2\/product_cat?post=6175"},{"taxonomy":"product_tag","embeddable":true,"href":"https:\/\/casa-gawa.cl\/cg\/wp-json\/wp\/v2\/product_tag?post=6175"}],"curies":[{"name":"wp","href":"https:\/\/api.w.org\/{rel}","templated":true}]}}