{"id":6023,"date":"2025-08-21T11:41:38","date_gmt":"2025-08-21T15:41:38","guid":{"rendered":"https:\/\/casa-gawa.cl\/cg\/?post_type=product&#038;p=6023"},"modified":"2026-02-12T16:17:02","modified_gmt":"2026-02-12T20:17:02","slug":"lapiz-madera-negra-grafito-hb-con-swarovski","status":"publish","type":"product","link":"https:\/\/casa-gawa.cl\/cg\/tienda\/recien-llegados\/lapiz-madera-negra-grafito-hb-con-swarovski\/","title":{"rendered":"Lapiz madera negra &#8211; grafito HB con Swarovski"},"content":{"rendered":"<p>Nota: Los colores de las fotos fueron tomado para que est\u00e9 m\u00e1s cerca posible, sin embargo, podr\u00edan que tengan variaciones en la tonalidad por la luz<\/p>\n","protected":false},"excerpt":{"rendered":"<p>L\u00e1piz de madera negra &#8211; grafito HB con detalle de piedra Swarovski Elements. Muy elegante.<\/p>\n<p>Redondo (Di\u00e1metro) de aprox 7-8mm.<br \/>\nLargo: aprox 17,5 cm<\/p>\n<p>Liviano y el grafito HB que tienen tiene podr\u00eda comparar con un l\u00e1piz de grafito 2B de algunas marcas europeas.<\/p>\n<p>Origen: Austria \/\u00a0 Alemania<\/p>\n<p>Cuidado: Cada l\u00e1piz tiene detalles peque\u00f1os (piedra) que deben tener supervisi\u00f3n de adulto cuando use por \u00f1inas y ni\u00f1os de menores de edad.<\/p>\n","protected":false},"featured_media":6122,"template":"","meta":[],"product_brand":[358],"product_cat":[224,26],"product_tag":[],"class_list":{"0":"post-6023","1":"product","2":"type-product","3":"status-publish","4":"has-post-thumbnail","6":"product_brand-standardgraph","7":"product_cat-recien-llegados","8":"product_cat-lapices","9":"product_shipping_class-correos-valdivia-centro-mas3kg","10":"yith_product_brand-standardgraph","12":"first","13":"instock","14":"taxable","15":"shipping-taxable","16":"purchasable","17":"product-type-variable"},"_links":{"self":[{"href":"https:\/\/casa-gawa.cl\/cg\/wp-json\/wp\/v2\/product\/6023","targetHints":{"allow":["GET"]}}],"collection":[{"href":"https:\/\/casa-gawa.cl\/cg\/wp-json\/wp\/v2\/product"}],"about":[{"href":"https:\/\/casa-gawa.cl\/cg\/wp-json\/wp\/v2\/types\/product"}],"wp:featuredmedia":[{"embeddable":true,"href":"https:\/\/casa-gawa.cl\/cg\/wp-json\/wp\/v2\/media\/6122"}],"wp:attachment":[{"href":"https:\/\/casa-gawa.cl\/cg\/wp-json\/wp\/v2\/media?parent=6023"}],"wp:term":[{"taxonomy":"product_brand","embeddable":true,"href":"https:\/\/casa-gawa.cl\/cg\/wp-json\/wp\/v2\/product_brand?post=6023"},{"taxonomy":"product_cat","embeddable":true,"href":"https:\/\/casa-gawa.cl\/cg\/wp-json\/wp\/v2\/product_cat?post=6023"},{"taxonomy":"product_tag","embeddable":true,"href":"https:\/\/casa-gawa.cl\/cg\/wp-json\/wp\/v2\/product_tag?post=6023"}],"curies":[{"name":"wp","href":"https:\/\/api.w.org\/{rel}","templated":true}]}}