{"id":6005,"date":"2025-08-21T10:31:06","date_gmt":"2025-08-21T14:31:06","guid":{"rendered":"https:\/\/casa-gawa.cl\/cg\/?post_type=product&#038;p=6005"},"modified":"2026-03-17T16:22:17","modified_gmt":"2026-03-17T20:22:17","slug":"exclusivo-postal-daruma","status":"publish","type":"product","link":"https:\/\/casa-gawa.cl\/cg\/tienda\/tarjetas-postales\/postales\/exclusivo-postal-daruma\/","title":{"rendered":"Exclusivo &#8211;  Postal &#8211; daruma"},"content":{"rendered":"<h3>Ideales para:<\/h3>\n<p class=\"ds-markdown-paragraph\">\u2713 Coleccionistas de arte popular<br \/>\n\u2713 Amantes de la cultura japonesa<br \/>\n\u2713 Decoraci\u00f3n de espacios con esencia tradicional<br \/>\n\u2713 Regalos con significado cultural y art\u00edstico<\/p>\n","protected":false},"excerpt":{"rendered":"<p class=\"ds-markdown-paragraph\"><strong>Postales de artesan\u00eda tradicional japonesa<\/strong><br \/>\nCreadas con motivos inspirados en la artesan\u00eda popular tradicional de Jap\u00f3n. La impresi\u00f3n texturizada y el dise\u00f1o, que evoca la est\u00e9tica de las xilograf\u00edas antiguas, se fusionan armoniosamente para crear una atm\u00f3sfera c\u00e1lida y acogedora.<\/p>\n<p class=\"ds-markdown-paragraph\"><strong>Tama\u00f1o:<\/strong> 100 \u00d7 148 mm<\/p>\n<p>dise\u00f1o y marca japonesa<\/p>\n<p>Fotos con permiso de la marca Mizushima<\/p>\n","protected":false},"featured_media":6151,"template":"","meta":[],"product_brand":[345],"product_cat":[224,275,36,148],"product_tag":[],"class_list":{"0":"post-6005","1":"product","2":"type-product","3":"status-publish","4":"has-post-thumbnail","6":"product_brand-mizushima","7":"product_cat-recien-llegados","8":"product_cat-papeleria-japonesa","9":"product_cat-postales","10":"product_cat-tarjetas-postales","11":"yith_product_brand-mizushima","13":"first","14":"instock","15":"taxable","16":"shipping-taxable","17":"purchasable","18":"product-type-simple"},"_links":{"self":[{"href":"https:\/\/casa-gawa.cl\/cg\/wp-json\/wp\/v2\/product\/6005","targetHints":{"allow":["GET"]}}],"collection":[{"href":"https:\/\/casa-gawa.cl\/cg\/wp-json\/wp\/v2\/product"}],"about":[{"href":"https:\/\/casa-gawa.cl\/cg\/wp-json\/wp\/v2\/types\/product"}],"wp:featuredmedia":[{"embeddable":true,"href":"https:\/\/casa-gawa.cl\/cg\/wp-json\/wp\/v2\/media\/6151"}],"wp:attachment":[{"href":"https:\/\/casa-gawa.cl\/cg\/wp-json\/wp\/v2\/media?parent=6005"}],"wp:term":[{"taxonomy":"product_brand","embeddable":true,"href":"https:\/\/casa-gawa.cl\/cg\/wp-json\/wp\/v2\/product_brand?post=6005"},{"taxonomy":"product_cat","embeddable":true,"href":"https:\/\/casa-gawa.cl\/cg\/wp-json\/wp\/v2\/product_cat?post=6005"},{"taxonomy":"product_tag","embeddable":true,"href":"https:\/\/casa-gawa.cl\/cg\/wp-json\/wp\/v2\/product_tag?post=6005"}],"curies":[{"name":"wp","href":"https:\/\/api.w.org\/{rel}","templated":true}]}}