{"id":5984,"date":"2025-08-21T08:48:09","date_gmt":"2025-08-21T12:48:09","guid":{"rendered":"https:\/\/casa-gawa.cl\/cg\/?post_type=product&#038;p=5984"},"modified":"2026-01-11T08:15:37","modified_gmt":"2026-01-11T12:15:37","slug":"exclusivo-bolsa-de-papel-de-regalo-formas-katachi","status":"publish","type":"product","link":"https:\/\/casa-gawa.cl\/cg\/tienda\/papel-decorativo\/gift-wrap-regalos\/cajasenvolver\/exclusivo-bolsa-de-papel-de-regalo-formas-katachi\/","title":{"rendered":"Exclusivo &#8211;  bolsa de papel de regalo formas Katachi"},"content":{"rendered":"","protected":false},"excerpt":{"rendered":"<p class=\"ds-markdown-paragraph\"><strong>Bolsa de papel con formas abstractas y coloridas, creadas mediante la combinaci\u00f3n de tres tonos.<\/strong><br \/>\nEl ambiente ligeramente nost\u00e1lgico, caracter\u00edstico de la estampaci\u00f3n con estarcido (stencil), armoniza a la perfecci\u00f3n con el elegante papel de paja y el papel blanco puro.<\/p>\n<p class=\"ds-markdown-paragraph\">Incluye dos tama\u00f1os, grande y peque\u00f1o, con cinco unidades de cada uno. Ideales para regalos peque\u00f1os o para compartir con amigos, y detalles especiales o uso cotidiano.<\/p>\n<p class=\"ds-markdown-paragraph\"><strong>Tama\u00f1os:<\/strong><\/p>\n<ul>\n<li>\n<p class=\"ds-markdown-paragraph\"><strong>Grande (L):<\/strong> 100 \u00d7 142 mm (incluye solapa de 24 mm)<\/p>\n<\/li>\n<li>\n<p class=\"ds-markdown-paragraph\"><strong>Peque\u00f1o (S):<\/strong> 70 \u00d7 103 mm (incluye solapa de 22 mm)<\/p>\n<\/li>\n<\/ul>\n<p class=\"ds-markdown-paragraph\"><strong>Cantidad:<\/strong><\/p>\n<ul>\n<li>\n<p class=\"ds-markdown-paragraph\">5 bolsas tama\u00f1o L<\/p>\n<\/li>\n<li>\n<p class=\"ds-markdown-paragraph\">5 bolsas tama\u00f1o S<\/p>\n<\/li>\n<li>\n<p class=\"ds-markdown-paragraph\"><strong>Total:<\/strong> 10 bolsas<\/p>\n<\/li>\n<\/ul>\n<p>&nbsp;<\/p>\n<p>&nbsp;<\/p>\n<p>dise\u00f1o y marca japonesa<\/p>\n<p>Fotos con permiso de la marca Mizushima<\/p>\n","protected":false},"featured_media":5981,"template":"","meta":[],"product_brand":[345],"product_cat":[224,202,242,275,404],"product_tag":[],"class_list":{"0":"post-5984","1":"product","2":"type-product","3":"status-publish","4":"has-post-thumbnail","6":"product_brand-mizushima","7":"product_cat-recien-llegados","8":"product_cat-cajasenvolver","9":"product_cat-gift-wrap-regalos","10":"product_cat-papeleria-japonesa","11":"product_cat-sobres","12":"yith_product_brand-mizushima","14":"first","15":"instock","16":"taxable","17":"shipping-taxable","18":"purchasable","19":"product-type-simple"},"_links":{"self":[{"href":"https:\/\/casa-gawa.cl\/cg\/wp-json\/wp\/v2\/product\/5984","targetHints":{"allow":["GET"]}}],"collection":[{"href":"https:\/\/casa-gawa.cl\/cg\/wp-json\/wp\/v2\/product"}],"about":[{"href":"https:\/\/casa-gawa.cl\/cg\/wp-json\/wp\/v2\/types\/product"}],"wp:featuredmedia":[{"embeddable":true,"href":"https:\/\/casa-gawa.cl\/cg\/wp-json\/wp\/v2\/media\/5981"}],"wp:attachment":[{"href":"https:\/\/casa-gawa.cl\/cg\/wp-json\/wp\/v2\/media?parent=5984"}],"wp:term":[{"taxonomy":"product_brand","embeddable":true,"href":"https:\/\/casa-gawa.cl\/cg\/wp-json\/wp\/v2\/product_brand?post=5984"},{"taxonomy":"product_cat","embeddable":true,"href":"https:\/\/casa-gawa.cl\/cg\/wp-json\/wp\/v2\/product_cat?post=5984"},{"taxonomy":"product_tag","embeddable":true,"href":"https:\/\/casa-gawa.cl\/cg\/wp-json\/wp\/v2\/product_tag?post=5984"}],"curies":[{"name":"wp","href":"https:\/\/api.w.org\/{rel}","templated":true}]}}