{"id":5963,"date":"2025-08-21T02:20:49","date_gmt":"2025-08-21T06:20:49","guid":{"rendered":"https:\/\/casa-gawa.cl\/cg\/?post_type=product&#038;p=5963"},"modified":"2026-03-05T15:59:50","modified_gmt":"2026-03-05T19:59:50","slug":"exclusivo-bloc-de-notas-pajaritos-okonomi","status":"publish","type":"product","link":"https:\/\/casa-gawa.cl\/cg\/tienda\/papeleria\/memo\/exclusivo-bloc-de-notas-pajaritos-okonomi\/","title":{"rendered":"Exclusivo &#8211;  bloc de notas pajaritos Okonomi"},"content":{"rendered":"<p><strong>Perfecto para:<\/strong><br \/>\n\u2713 Dejar mensajes vibrantes en casa o la oficina<br \/>\n\u2713 Personalizar agendas y planners<br \/>\n\u2713 Hacer listas de tareas visualmente atractivas<br \/>\n\u2713 Regalar a amantes de las aves y el dise\u00f1o<\/p>\n","protected":false},"excerpt":{"rendered":"<p class=\"ds-markdown-paragraph\"><strong>&#8220;Okonomi Memo&#8221;: una colecci\u00f3n de blocs con dise\u00f1os variados.<\/strong><br \/>\nElige el modelo que mejor se adapte a tu estilo personal.<\/p>\n<p>Dise\u00f1o \u00fanico con una <strong>hilera de p\u00e1jaros coloridos<\/strong> que aportan alegr\u00eda y originalidad.<\/p>\n<p class=\"ds-markdown-paragraph\"><strong>Fabricado en papel Hatoron<\/strong> (material utilizado en empaques), un papel \u00fanico con doble textura:<\/p>\n<ul>\n<li>\n<p class=\"ds-markdown-paragraph\"><strong>Una cara rugosa<\/strong> (tacto natural y r\u00fastico)<\/p>\n<\/li>\n<li>\n<p class=\"ds-markdown-paragraph\"><strong>Una cara lisa<\/strong> (ideal para escribir con suavidad)<\/p>\n<\/li>\n<\/ul>\n<p class=\"ds-markdown-paragraph\"><strong>Medidas:<\/strong> 91 \u00d7 123 mm<br \/>\n<strong>Cantidad:<\/strong> 60 hojas<\/p>\n<p>&nbsp;<\/p>\n<p>&nbsp;<\/p>\n<p>dise\u00f1o y marca japonesa<\/p>\n<p>Fotos con permiso de la marca Mizushima<\/p>\n","protected":false},"featured_media":5967,"template":"","meta":[],"product_brand":[345],"product_cat":[224,41,40,275],"product_tag":[],"class_list":{"0":"post-5963","1":"product","2":"type-product","3":"status-publish","4":"has-post-thumbnail","6":"product_brand-mizushima","7":"product_cat-recien-llegados","8":"product_cat-memo","9":"product_cat-papeleria","10":"product_cat-papeleria-japonesa","11":"yith_product_brand-mizushima","13":"first","14":"instock","15":"sale","16":"taxable","17":"shipping-taxable","18":"purchasable","19":"product-type-simple"},"_links":{"self":[{"href":"https:\/\/casa-gawa.cl\/cg\/wp-json\/wp\/v2\/product\/5963","targetHints":{"allow":["GET"]}}],"collection":[{"href":"https:\/\/casa-gawa.cl\/cg\/wp-json\/wp\/v2\/product"}],"about":[{"href":"https:\/\/casa-gawa.cl\/cg\/wp-json\/wp\/v2\/types\/product"}],"wp:featuredmedia":[{"embeddable":true,"href":"https:\/\/casa-gawa.cl\/cg\/wp-json\/wp\/v2\/media\/5967"}],"wp:attachment":[{"href":"https:\/\/casa-gawa.cl\/cg\/wp-json\/wp\/v2\/media?parent=5963"}],"wp:term":[{"taxonomy":"product_brand","embeddable":true,"href":"https:\/\/casa-gawa.cl\/cg\/wp-json\/wp\/v2\/product_brand?post=5963"},{"taxonomy":"product_cat","embeddable":true,"href":"https:\/\/casa-gawa.cl\/cg\/wp-json\/wp\/v2\/product_cat?post=5963"},{"taxonomy":"product_tag","embeddable":true,"href":"https:\/\/casa-gawa.cl\/cg\/wp-json\/wp\/v2\/product_tag?post=5963"}],"curies":[{"name":"wp","href":"https:\/\/api.w.org\/{rel}","templated":true}]}}