{"id":5891,"date":"2025-08-14T09:10:24","date_gmt":"2025-08-14T13:10:24","guid":{"rendered":"https:\/\/casa-gawa.cl\/cg\/?post_type=product&#038;p=5891"},"modified":"2026-02-02T14:13:56","modified_gmt":"2026-02-02T18:13:56","slug":"exclusiva-set-de-mini-cartas-flores","status":"publish","type":"product","link":"https:\/\/casa-gawa.cl\/cg\/tienda\/tarjetas-postales\/cartas\/exclusiva-set-de-mini-cartas-flores\/","title":{"rendered":"Exclusiva set de mini cartas flores"},"content":{"rendered":"","protected":false},"excerpt":{"rendered":"<p class=\"ds-markdown-paragraph\"><strong>Juego de mini cartas peque\u00f1o y adorable.<\/strong><br \/>\nDise\u00f1ado combinando los motivos de &#8220;Jizai Hanko Coloring Flowers&#8221;. El papel carta blanco est\u00e1 salpicado de coloridas flores, y el dise\u00f1o se transparenta al colocarlo en el sobre transl\u00facido. El papel de paja incluye l\u00edneas gu\u00eda, facilitando la escritura de mensajes cortos.<\/p>\n<p class=\"ds-markdown-paragraph\"><strong>Medidas:<\/strong><\/p>\n<ul>\n<li>\n<p class=\"ds-markdown-paragraph\">Papel carta: 93 \u00d7 120 mm<br \/>\nSobre: 100 \u00d7 65 mm<\/p>\n<\/li>\n<\/ul>\n<p class=\"ds-markdown-paragraph\"><strong>Cantidad incluida:<\/strong><\/p>\n<ul>\n<li>\n<p class=\"ds-markdown-paragraph\">6 hojas de papel Hatron<br \/>\n6 hojas de papel de paja<br \/>\n3 sobres<\/p>\n<\/li>\n<\/ul>\n<p>&nbsp;<\/p>\n<p>&nbsp;<\/p>\n<p>&nbsp;<\/p>\n<p class=\"ds-markdown-paragraph\">dise\u00f1o y marca japonesa<\/p>\n<p>Fotos con permiso de la marca Mizushima<\/p>\n","protected":false},"featured_media":5892,"template":"","meta":[],"product_brand":[345],"product_cat":[224,346,40,275,148],"product_tag":[167],"class_list":{"0":"post-5891","1":"product","2":"type-product","3":"status-publish","4":"has-post-thumbnail","6":"product_brand-mizushima","7":"product_cat-recien-llegados","8":"product_cat-cartas","9":"product_cat-papeleria","10":"product_cat-papeleria-japonesa","11":"product_cat-tarjetas-postales","12":"product_tag-washi-tape","13":"yith_product_brand-mizushima","15":"first","16":"instock","17":"taxable","18":"shipping-taxable","19":"purchasable","20":"product-type-simple"},"_links":{"self":[{"href":"https:\/\/casa-gawa.cl\/cg\/wp-json\/wp\/v2\/product\/5891","targetHints":{"allow":["GET"]}}],"collection":[{"href":"https:\/\/casa-gawa.cl\/cg\/wp-json\/wp\/v2\/product"}],"about":[{"href":"https:\/\/casa-gawa.cl\/cg\/wp-json\/wp\/v2\/types\/product"}],"wp:featuredmedia":[{"embeddable":true,"href":"https:\/\/casa-gawa.cl\/cg\/wp-json\/wp\/v2\/media\/5892"}],"wp:attachment":[{"href":"https:\/\/casa-gawa.cl\/cg\/wp-json\/wp\/v2\/media?parent=5891"}],"wp:term":[{"taxonomy":"product_brand","embeddable":true,"href":"https:\/\/casa-gawa.cl\/cg\/wp-json\/wp\/v2\/product_brand?post=5891"},{"taxonomy":"product_cat","embeddable":true,"href":"https:\/\/casa-gawa.cl\/cg\/wp-json\/wp\/v2\/product_cat?post=5891"},{"taxonomy":"product_tag","embeddable":true,"href":"https:\/\/casa-gawa.cl\/cg\/wp-json\/wp\/v2\/product_tag?post=5891"}],"curies":[{"name":"wp","href":"https:\/\/api.w.org\/{rel}","templated":true}]}}