{"id":5873,"date":"2025-08-14T09:00:16","date_gmt":"2025-08-14T13:00:16","guid":{"rendered":"https:\/\/casa-gawa.cl\/cg\/?post_type=product&#038;p=5873"},"modified":"2026-02-02T16:42:21","modified_gmt":"2026-02-02T20:42:21","slug":"washi-tape-exclusiva-20mm-x-7m-paisaje-marino","status":"publish","type":"product","link":"https:\/\/casa-gawa.cl\/cg\/tienda\/papel-decorativo\/gift-wrap-regalos\/washi-tape-exclusiva-20mm-x-7m-paisaje-marino\/","title":{"rendered":"Washi tape exclusiva 20mm x 7m paisaje marino"},"content":{"rendered":"","protected":false},"excerpt":{"rendered":"<p class=\"ds-markdown-paragraph\"><strong>El paisaje del Mar Interior de Seto, ahora en cinta adhesiva decorativa.<\/strong><br \/>\nEsta escena monocrom\u00e1tica y serena es de una belleza singular. A diferencia de las cintas adhesivas comunes, esta posee la textura rugosa y suave caracter\u00edstica del papel japon\u00e9s.<\/p>\n<p>Al mirar a este paisaje, im\u00e1genes del paisaje marina interior Valdiviana o del archip\u00e9lago de Chilo\u00e9 me hace recordar.<\/p>\n<p class=\"ds-markdown-paragraph\"><strong>Tama\u00f1o:<\/strong> 20 mm \u00d7 7 m<\/p>\n<p>&nbsp;<\/p>\n<p>&nbsp;<\/p>\n<p class=\"ds-markdown-paragraph\">dise\u00f1o y marca japonesa<\/p>\n<p>Fotos con permiso de la marca Mizushima<\/p>\n","protected":false},"featured_media":5874,"template":"","meta":[],"product_brand":[345],"product_cat":[224,52,242,275,233],"product_tag":[167],"class_list":{"0":"post-5873","1":"product","2":"type-product","3":"status-publish","4":"has-post-thumbnail","6":"product_brand-mizushima","7":"product_cat-recien-llegados","8":"product_cat-accesorios","9":"product_cat-gift-wrap-regalos","10":"product_cat-papeleria-japonesa","11":"product_cat-washi-tape","12":"product_tag-washi-tape","13":"yith_product_brand-mizushima","15":"first","16":"instock","17":"taxable","18":"shipping-taxable","19":"purchasable","20":"product-type-simple"},"_links":{"self":[{"href":"https:\/\/casa-gawa.cl\/cg\/wp-json\/wp\/v2\/product\/5873","targetHints":{"allow":["GET"]}}],"collection":[{"href":"https:\/\/casa-gawa.cl\/cg\/wp-json\/wp\/v2\/product"}],"about":[{"href":"https:\/\/casa-gawa.cl\/cg\/wp-json\/wp\/v2\/types\/product"}],"wp:featuredmedia":[{"embeddable":true,"href":"https:\/\/casa-gawa.cl\/cg\/wp-json\/wp\/v2\/media\/5874"}],"wp:attachment":[{"href":"https:\/\/casa-gawa.cl\/cg\/wp-json\/wp\/v2\/media?parent=5873"}],"wp:term":[{"taxonomy":"product_brand","embeddable":true,"href":"https:\/\/casa-gawa.cl\/cg\/wp-json\/wp\/v2\/product_brand?post=5873"},{"taxonomy":"product_cat","embeddable":true,"href":"https:\/\/casa-gawa.cl\/cg\/wp-json\/wp\/v2\/product_cat?post=5873"},{"taxonomy":"product_tag","embeddable":true,"href":"https:\/\/casa-gawa.cl\/cg\/wp-json\/wp\/v2\/product_tag?post=5873"}],"curies":[{"name":"wp","href":"https:\/\/api.w.org\/{rel}","templated":true}]}}