{"id":5857,"date":"2025-08-14T09:00:37","date_gmt":"2025-08-14T13:00:37","guid":{"rendered":"https:\/\/casa-gawa.cl\/cg\/?post_type=product&#038;p=5857"},"modified":"2026-03-05T16:05:21","modified_gmt":"2026-03-05T20:05:21","slug":"timbre-mapa-del-mundo","status":"publish","type":"product","link":"https:\/\/casa-gawa.cl\/cg\/tienda\/planners-y-calendarios\/timbres\/timbre-mapa-del-mundo\/","title":{"rendered":"Timbre &#8211; Mapa del mundo"},"content":{"rendered":"","protected":false},"excerpt":{"rendered":"<p class=\"ds-markdown-paragraph\"><strong>Un sello con mapa del mundo como nunca antes lo has visto.<\/strong> Ideal para estampar en sobres de correo a\u00e9reo o, si lo usas repetidamente sobre papel liso, como original estampado para envolver regalos.<\/p>\n<p>Est\u00e1 en una proyecci\u00f3n de mapa donde se visibiliza el oc\u00e9ano atl\u00e1ntico como su centro aproximado.<\/p>\n<p class=\"ds-markdown-paragraph\"><strong>Superficie de impresi\u00f3n:<\/strong> aprox. 70 x 34 x 33 mm. (7 x 3,4 x 3,3 cm)<\/p>\n<p class=\"ds-markdown-paragraph\">dise\u00f1o y marca japonesa<\/p>\n<p>Fotos con permiso de la marca Mizushima<\/p>\n","protected":false},"featured_media":5862,"template":"","meta":[],"product_brand":[345],"product_cat":[224,198,390],"product_tag":[],"class_list":{"0":"post-5857","1":"product","2":"type-product","3":"status-publish","4":"has-post-thumbnail","6":"product_brand-mizushima","7":"product_cat-recien-llegados","8":"product_cat-planners-y-calendarios","9":"product_cat-timbres","10":"yith_product_brand-mizushima","12":"first","13":"instock","14":"sale","15":"taxable","16":"shipping-taxable","17":"purchasable","18":"product-type-simple"},"_links":{"self":[{"href":"https:\/\/casa-gawa.cl\/cg\/wp-json\/wp\/v2\/product\/5857","targetHints":{"allow":["GET"]}}],"collection":[{"href":"https:\/\/casa-gawa.cl\/cg\/wp-json\/wp\/v2\/product"}],"about":[{"href":"https:\/\/casa-gawa.cl\/cg\/wp-json\/wp\/v2\/types\/product"}],"wp:featuredmedia":[{"embeddable":true,"href":"https:\/\/casa-gawa.cl\/cg\/wp-json\/wp\/v2\/media\/5862"}],"wp:attachment":[{"href":"https:\/\/casa-gawa.cl\/cg\/wp-json\/wp\/v2\/media?parent=5857"}],"wp:term":[{"taxonomy":"product_brand","embeddable":true,"href":"https:\/\/casa-gawa.cl\/cg\/wp-json\/wp\/v2\/product_brand?post=5857"},{"taxonomy":"product_cat","embeddable":true,"href":"https:\/\/casa-gawa.cl\/cg\/wp-json\/wp\/v2\/product_cat?post=5857"},{"taxonomy":"product_tag","embeddable":true,"href":"https:\/\/casa-gawa.cl\/cg\/wp-json\/wp\/v2\/product_tag?post=5857"}],"curies":[{"name":"wp","href":"https:\/\/api.w.org\/{rel}","templated":true}]}}