{"id":5753,"date":"2025-08-09T11:34:19","date_gmt":"2025-08-09T15:34:19","guid":{"rendered":"https:\/\/casa-gawa.cl\/cg\/?post_type=product&#038;p=5753"},"modified":"2026-03-21T11:04:57","modified_gmt":"2026-03-21T15:04:57","slug":"bloc-de-washi-mino-origami-dulces-75x75mm-120-hojas","status":"publish","type":"product","link":"https:\/\/casa-gawa.cl\/cg\/tienda\/papeleria\/memo\/bloc-de-washi-mino-origami-dulces-75x75mm-120-hojas\/","title":{"rendered":"Bloc de Washi Mino Origami &#8211; dulces 75x75mm &#8211; 120 hojas"},"content":{"rendered":"<p><strong>Washi = papel<br \/>\n<\/strong><\/p>\n","protected":false},"excerpt":{"rendered":"<p><span class=\"HwtZe\" lang=\"es\"><strong data-start=\"79\" data-end=\"174\">Bloc de Papel Mino, 75x75mm x120 hojas (20 hojas x 6 patrones &#8211; dulces)<br \/>\n<\/strong><\/span><\/p>\n<p><strong data-start=\"83\" data-end=\"216\">Este bloc de origami celebra los hermosos colores de Jap\u00f3n, inspirados en los tradicionales dulces japoneses.<\/strong><br data-start=\"216\" data-end=\"219\" \/>Est\u00e1 encuadernado de forma resistente y pr\u00e1ctica, ideal para guardar y conservar f\u00e1cilmente.<br data-start=\"311\" data-end=\"314\" \/>El papel utilizado es <em data-start=\"336\" data-end=\"345\">rakusui-gami<\/em>, un tipo de washi Mino con una encantadora textura que recuerda al encaje.<br data-start=\"420\" data-end=\"423\" \/>D\u00e9jate envolver por la calidez y delicadeza del papel <em data-start=\"477\" data-end=\"486\">rakusui-gami<\/em> al crear tus figuras de origami.<\/p>\n<p>Dimensiones:<br \/>\n*Origami (H75 x W75mm): 20 hojas x 6 patrones, 120 hojas en total<br \/>\n*Tama\u00f1o del paquete (H80 x W100 x D23mm)<\/p>\n<p><span class=\"HwtZe\" lang=\"es\">\u00a0Hecho en jap\u00f3n<br \/>\n<\/span><\/p>\n","protected":false},"featured_media":6234,"template":"","meta":[],"product_brand":[326],"product_cat":[224,41,405,311,247,40,275],"product_tag":[243,166],"class_list":{"0":"post-5753","1":"product","2":"type-product","3":"status-publish","4":"has-post-thumbnail","6":"product_brand-furukawashiko","7":"product_cat-recien-llegados","8":"product_cat-memo","9":"product_cat-origami","10":"product_cat-papel-decorativo","11":"product_cat-papel-japones-washi","12":"product_cat-papeleria","13":"product_cat-papeleria-japonesa","14":"product_tag-origami","15":"product_tag-washi","16":"yith_product_brand-furukawashiko","18":"first","19":"instock","20":"taxable","21":"shipping-taxable","22":"purchasable","23":"product-type-simple"},"_links":{"self":[{"href":"https:\/\/casa-gawa.cl\/cg\/wp-json\/wp\/v2\/product\/5753","targetHints":{"allow":["GET"]}}],"collection":[{"href":"https:\/\/casa-gawa.cl\/cg\/wp-json\/wp\/v2\/product"}],"about":[{"href":"https:\/\/casa-gawa.cl\/cg\/wp-json\/wp\/v2\/types\/product"}],"wp:featuredmedia":[{"embeddable":true,"href":"https:\/\/casa-gawa.cl\/cg\/wp-json\/wp\/v2\/media\/6234"}],"wp:attachment":[{"href":"https:\/\/casa-gawa.cl\/cg\/wp-json\/wp\/v2\/media?parent=5753"}],"wp:term":[{"taxonomy":"product_brand","embeddable":true,"href":"https:\/\/casa-gawa.cl\/cg\/wp-json\/wp\/v2\/product_brand?post=5753"},{"taxonomy":"product_cat","embeddable":true,"href":"https:\/\/casa-gawa.cl\/cg\/wp-json\/wp\/v2\/product_cat?post=5753"},{"taxonomy":"product_tag","embeddable":true,"href":"https:\/\/casa-gawa.cl\/cg\/wp-json\/wp\/v2\/product_tag?post=5753"}],"curies":[{"name":"wp","href":"https:\/\/api.w.org\/{rel}","templated":true}]}}