{"id":5751,"date":"2025-08-05T11:13:14","date_gmt":"2025-08-05T15:13:14","guid":{"rendered":"https:\/\/casa-gawa.cl\/cg\/?post_type=product&#038;p=5751"},"modified":"2026-03-21T11:04:57","modified_gmt":"2026-03-21T15:04:57","slug":"set-de-washi-chiyogami-y-mino-15x15cm-40-hojas","status":"publish","type":"product","link":"https:\/\/casa-gawa.cl\/cg\/tienda\/papel-decorativo\/chiyogami-yuzen\/set-de-washi-chiyogami-y-mino-15x15cm-40-hojas\/","title":{"rendered":"Set de Washi Chiyogami y Mino 15x15cm &#8211; 40 hojas"},"content":{"rendered":"<p><strong>Washi = papel<br \/>\n<\/strong><\/p>\n<p><br data-start=\"430\" data-end=\"433\" \/><em data-start=\"433\" data-end=\"535\">Los dise\u00f1os de chiyogami se incluyen de forma aleatoria y no es posible elegir un patr\u00f3n espec\u00edfico.<\/em><\/p>\n","protected":false},"excerpt":{"rendered":"<p><span class=\"HwtZe\" lang=\"es\"><strong data-start=\"79\" data-end=\"174\">Set de Papel Choyogami y Papel Mino, 15x15cm x40 hojas<\/strong><\/span><\/p>\n<p>Disfruta en un solo paquete del encanto del chiyogami (complejo dise\u00f1o, 20 hojas) y la delicadeza del papel washi Mino (dise\u00f1o simple, unicolor, 20 hojas).<br data-start=\"174\" data-end=\"177\" \/>Ideal para quienes desean explorar la belleza de ambos papeles tradicionales japoneses.<br data-start=\"264\" data-end=\"267\" \/>Perfecto no solo para origami, sino tambi\u00e9n para collages (<em>chigiri-e<\/em>) y otras expresiones art\u00edsticas.<br data-start=\"356\" data-end=\"359\" \/>La textura \u00fanica del washi ofrece una suavidad agradable al tacto.<br \/>\n<br data-start=\"430\" data-end=\"433\" \/><em data-start=\"433\" data-end=\"535\">Los dise\u00f1os de chiyogami se incluyen de forma aleatoria y no es posible elegir un patr\u00f3n espec\u00edfico.<\/em><\/p>\n<p>Dimensiones:<br \/>\n*Chiyogami (H150 x W150mm): 20 hojas<br \/>\n*Mino-Washi (H150 x W150mm): 20 hojas<br \/>\n*Tama\u00f1o del paquete (H217 x W217 x D8mm)<\/p>\n<p><span class=\"HwtZe\" lang=\"es\">\u00a0Hecho en jap\u00f3n<br \/>\n<\/span><\/p>\n","protected":false},"featured_media":5777,"template":"","meta":[],"product_brand":[326],"product_cat":[224,406,405,311,247,275],"product_tag":[243,166],"class_list":{"0":"post-5751","1":"product","2":"type-product","3":"status-publish","4":"has-post-thumbnail","6":"product_brand-furukawashiko","7":"product_cat-recien-llegados","8":"product_cat-chiyogami-yuzen","9":"product_cat-origami","10":"product_cat-papel-decorativo","11":"product_cat-papel-japones-washi","12":"product_cat-papeleria-japonesa","13":"product_tag-origami","14":"product_tag-washi","15":"yith_product_brand-furukawashiko","17":"first","18":"instock","19":"taxable","20":"shipping-taxable","21":"purchasable","22":"product-type-variable"},"_links":{"self":[{"href":"https:\/\/casa-gawa.cl\/cg\/wp-json\/wp\/v2\/product\/5751","targetHints":{"allow":["GET"]}}],"collection":[{"href":"https:\/\/casa-gawa.cl\/cg\/wp-json\/wp\/v2\/product"}],"about":[{"href":"https:\/\/casa-gawa.cl\/cg\/wp-json\/wp\/v2\/types\/product"}],"wp:featuredmedia":[{"embeddable":true,"href":"https:\/\/casa-gawa.cl\/cg\/wp-json\/wp\/v2\/media\/5777"}],"wp:attachment":[{"href":"https:\/\/casa-gawa.cl\/cg\/wp-json\/wp\/v2\/media?parent=5751"}],"wp:term":[{"taxonomy":"product_brand","embeddable":true,"href":"https:\/\/casa-gawa.cl\/cg\/wp-json\/wp\/v2\/product_brand?post=5751"},{"taxonomy":"product_cat","embeddable":true,"href":"https:\/\/casa-gawa.cl\/cg\/wp-json\/wp\/v2\/product_cat?post=5751"},{"taxonomy":"product_tag","embeddable":true,"href":"https:\/\/casa-gawa.cl\/cg\/wp-json\/wp\/v2\/product_tag?post=5751"}],"curies":[{"name":"wp","href":"https:\/\/api.w.org\/{rel}","templated":true}]}}