{"id":5576,"date":"2025-07-08T11:34:55","date_gmt":"2025-07-08T15:34:55","guid":{"rendered":"https:\/\/casa-gawa.cl\/cg\/?post_type=product&#038;p=5576"},"modified":"2026-02-16T16:14:55","modified_gmt":"2026-02-16T20:14:55","slug":"flake-seal-stickers-watashibiyori","status":"publish","type":"product","link":"https:\/\/casa-gawa.cl\/cg\/tienda\/papel-decorativo\/gift-wrap-regalos\/flake-seal-stickers-watashibiyori\/","title":{"rendered":"Flake Seal stickers &#8211; Watashibiyori"},"content":{"rendered":"<p>Furukawa Shiko es una empresa japonesa, fundado en 1835, especializado en la producci\u00f3n de papeler\u00eda. Elaboran dise\u00f1os \u00fanicos de papeler\u00eda usando papel Mino desde Gifu.<\/p>\n<p>&nbsp;<\/p>\n","protected":false},"excerpt":{"rendered":"<p>stickers &#8211;\u00a0 Flake Seal &#8211; Watashibiyori . con dise\u00f1o de toque de vida cotidiana para pegar en tu agenda o cuaderno o cartas. Muy encantador y tierna a tu d\u00eda a d\u00eda.<\/p>\n<p>5 dise\u00f1os x 4 unidades (20 stickers)<br \/>\nTama\u00f1o del envase: H105 x W78 x D2mm<\/p>\n<p><span class=\"HwtZe\" lang=\"es\"><span class=\"jCAhz ChMk0b\"><span class=\"ryNqvb\">La serie &#8220;Watashibiyori&#8221; es un art\u00edculo decorativo para agendas que le dar\u00e1 un toque encantador a tu d\u00eda a d\u00eda.<br \/>\nTiene una ranura en la parte posterior para que sea f\u00e1cil de voltear y puedas usarla sin estr\u00e9s.<\/span><\/span><\/span><\/p>\n","protected":false},"featured_media":5563,"template":"","meta":[],"product_brand":[326],"product_cat":[242,40,403,325],"product_tag":[327],"class_list":{"0":"post-5576","1":"product","2":"type-product","3":"status-publish","4":"has-post-thumbnail","6":"product_brand-furukawashiko","7":"product_cat-gift-wrap-regalos","8":"product_cat-papeleria","9":"product_cat-stickers-stickers","10":"product_cat-stickers-washi","11":"product_tag-stickers","12":"product_shipping_class-correos-valdivia-centro-mas3kg","13":"yith_product_brand-furukawashiko","15":"first","16":"instock","17":"taxable","18":"shipping-taxable","19":"purchasable","20":"product-type-variable"},"_links":{"self":[{"href":"https:\/\/casa-gawa.cl\/cg\/wp-json\/wp\/v2\/product\/5576","targetHints":{"allow":["GET"]}}],"collection":[{"href":"https:\/\/casa-gawa.cl\/cg\/wp-json\/wp\/v2\/product"}],"about":[{"href":"https:\/\/casa-gawa.cl\/cg\/wp-json\/wp\/v2\/types\/product"}],"wp:featuredmedia":[{"embeddable":true,"href":"https:\/\/casa-gawa.cl\/cg\/wp-json\/wp\/v2\/media\/5563"}],"wp:attachment":[{"href":"https:\/\/casa-gawa.cl\/cg\/wp-json\/wp\/v2\/media?parent=5576"}],"wp:term":[{"taxonomy":"product_brand","embeddable":true,"href":"https:\/\/casa-gawa.cl\/cg\/wp-json\/wp\/v2\/product_brand?post=5576"},{"taxonomy":"product_cat","embeddable":true,"href":"https:\/\/casa-gawa.cl\/cg\/wp-json\/wp\/v2\/product_cat?post=5576"},{"taxonomy":"product_tag","embeddable":true,"href":"https:\/\/casa-gawa.cl\/cg\/wp-json\/wp\/v2\/product_tag?post=5576"}],"curies":[{"name":"wp","href":"https:\/\/api.w.org\/{rel}","templated":true}]}}