{"id":5554,"date":"2025-07-08T11:15:55","date_gmt":"2025-07-08T15:15:55","guid":{"rendered":"https:\/\/casa-gawa.cl\/cg\/?post_type=product&#038;p=5554"},"modified":"2026-03-02T13:01:43","modified_gmt":"2026-03-02T17:01:43","slug":"flake-seal-stickers-iroiro-do","status":"publish","type":"product","link":"https:\/\/casa-gawa.cl\/cg\/tienda\/papel-decorativo\/gift-wrap-regalos\/flake-seal-stickers-iroiro-do\/","title":{"rendered":"Flake Seal stickers &#8211; Iroiro-Do"},"content":{"rendered":"<p>Furukawa Shiko es una empresa japonesa, fundado en 1835, especializado en la producci\u00f3n de papeler\u00eda. Elaboran dise\u00f1os \u00fanicos de papeler\u00eda usando papel Mino desde Gifu.<\/p>\n<p>&nbsp;<\/p>\n","protected":false},"excerpt":{"rendered":"<p>stickers &#8211;\u00a0 Flake Seal &#8211; Iroiro-Do<\/p>\n<p>5 dise\u00f1os x 4 unidades (20 stickers)<br \/>\nTama\u00f1o del envase: H105 x W78 x D2mm<\/p>\n<p><span class=\"HwtZe\" lang=\"es\"><span class=\"jCAhz ChMk0b\"><span class=\"ryNqvb\">Estas stickers est\u00e1n hechas de papel washi y presentan hermosos colores japoneses, como rosa, azul y verde claro.<\/span><\/span><span class=\"jCAhz ChMk0b\"><span class=\"ryNqvb\"> Sus dise\u00f1os, adorables y sencillos, evocan dulces y paisajes naturales, lo que las hace perfectas para decorar cuadernos y papel de regalo.<\/span><\/span><span class=\"jCAhz ChMk0b\"><span class=\"ryNqvb\"> El papel posterior tiene ranuras para que se despegue f\u00e1cilmente slit-type seal.<\/span><\/span><\/span><\/p>\n","protected":false},"featured_media":5555,"template":"","meta":[],"product_brand":[326],"product_cat":[242,40,403,325],"product_tag":[327],"class_list":{"0":"post-5554","1":"product","2":"type-product","3":"status-publish","4":"has-post-thumbnail","6":"product_brand-furukawashiko","7":"product_cat-gift-wrap-regalos","8":"product_cat-papeleria","9":"product_cat-stickers-stickers","10":"product_cat-stickers-washi","11":"product_tag-stickers","12":"product_shipping_class-correos-valdivia-centro-mas3kg","13":"yith_product_brand-furukawashiko","15":"first","16":"instock","17":"taxable","18":"shipping-taxable","19":"purchasable","20":"product-type-variable"},"_links":{"self":[{"href":"https:\/\/casa-gawa.cl\/cg\/wp-json\/wp\/v2\/product\/5554","targetHints":{"allow":["GET"]}}],"collection":[{"href":"https:\/\/casa-gawa.cl\/cg\/wp-json\/wp\/v2\/product"}],"about":[{"href":"https:\/\/casa-gawa.cl\/cg\/wp-json\/wp\/v2\/types\/product"}],"wp:featuredmedia":[{"embeddable":true,"href":"https:\/\/casa-gawa.cl\/cg\/wp-json\/wp\/v2\/media\/5555"}],"wp:attachment":[{"href":"https:\/\/casa-gawa.cl\/cg\/wp-json\/wp\/v2\/media?parent=5554"}],"wp:term":[{"taxonomy":"product_brand","embeddable":true,"href":"https:\/\/casa-gawa.cl\/cg\/wp-json\/wp\/v2\/product_brand?post=5554"},{"taxonomy":"product_cat","embeddable":true,"href":"https:\/\/casa-gawa.cl\/cg\/wp-json\/wp\/v2\/product_cat?post=5554"},{"taxonomy":"product_tag","embeddable":true,"href":"https:\/\/casa-gawa.cl\/cg\/wp-json\/wp\/v2\/product_tag?post=5554"}],"curies":[{"name":"wp","href":"https:\/\/api.w.org\/{rel}","templated":true}]}}