{"id":5540,"date":"2025-07-08T11:11:22","date_gmt":"2025-07-08T15:11:22","guid":{"rendered":"https:\/\/casa-gawa.cl\/cg\/?post_type=product&#038;p=5540"},"modified":"2026-04-17T18:08:56","modified_gmt":"2026-04-17T22:08:56","slug":"stickers-planners","status":"publish","type":"product","link":"https:\/\/casa-gawa.cl\/cg\/tienda\/stickers-washi\/stickers-stickers\/stickers-planners\/","title":{"rendered":"Stickers &#8211; planners"},"content":{"rendered":"","protected":false},"excerpt":{"rendered":"<blockquote><p>&#8220;La vida con Watabiyori es siempre entretenida!&#8221;<\/p><\/blockquote>\n<p>Stickers\u00a0 &#8211;\u00a0 serie &#8220;Watabiyori&#8221; . Estos agrega m\u00e1s color a los planners y decorar p\u00e1ginas de cuadernos. Sup\u00e9r tiernos, S\u00faper kawaii.<br \/>\nLa lamina se podr\u00eda dividir en dos para que sea m\u00e1s port\u00e1til.<\/p>\n<p>Tama\u00f1o: 140 x 80 mm<br \/>\n1 l\u00e1mina<\/p>\n<p>&nbsp;<\/p>\n","protected":false},"featured_media":5541,"template":"","meta":[],"product_brand":[326],"product_cat":[198,403,325],"product_tag":[328,327],"class_list":{"0":"post-5540","1":"product","2":"type-product","3":"status-publish","4":"has-post-thumbnail","6":"product_brand-furukawashiko","7":"product_cat-planners-y-calendarios","8":"product_cat-stickers-stickers","9":"product_cat-stickers-washi","10":"product_tag-planners","11":"product_tag-stickers","12":"yith_product_brand-furukawashiko","14":"first","15":"instock","16":"taxable","17":"shipping-taxable","18":"purchasable","19":"product-type-variable"},"_links":{"self":[{"href":"https:\/\/casa-gawa.cl\/cg\/wp-json\/wp\/v2\/product\/5540","targetHints":{"allow":["GET"]}}],"collection":[{"href":"https:\/\/casa-gawa.cl\/cg\/wp-json\/wp\/v2\/product"}],"about":[{"href":"https:\/\/casa-gawa.cl\/cg\/wp-json\/wp\/v2\/types\/product"}],"wp:featuredmedia":[{"embeddable":true,"href":"https:\/\/casa-gawa.cl\/cg\/wp-json\/wp\/v2\/media\/5541"}],"wp:attachment":[{"href":"https:\/\/casa-gawa.cl\/cg\/wp-json\/wp\/v2\/media?parent=5540"}],"wp:term":[{"taxonomy":"product_brand","embeddable":true,"href":"https:\/\/casa-gawa.cl\/cg\/wp-json\/wp\/v2\/product_brand?post=5540"},{"taxonomy":"product_cat","embeddable":true,"href":"https:\/\/casa-gawa.cl\/cg\/wp-json\/wp\/v2\/product_cat?post=5540"},{"taxonomy":"product_tag","embeddable":true,"href":"https:\/\/casa-gawa.cl\/cg\/wp-json\/wp\/v2\/product_tag?post=5540"}],"curies":[{"name":"wp","href":"https:\/\/api.w.org\/{rel}","templated":true}]}}