{"id":5434,"date":"2025-05-14T00:56:33","date_gmt":"2025-05-14T04:56:33","guid":{"rendered":"https:\/\/casa-gawa.cl\/cg\/?post_type=product&#038;p=5434"},"modified":"2026-01-29T17:57:20","modified_gmt":"2026-01-29T21:57:20","slug":"gift-set-papeleria-filipinana","status":"publish","type":"product","link":"https:\/\/casa-gawa.cl\/cg\/tienda\/navidad\/gift-set-papeleria-filipinana\/","title":{"rendered":"Gift set &#8211; libretas &#8211; aves de las islas filipinas"},"content":{"rendered":"","protected":false},"excerpt":{"rendered":"<p><span class=\"x1lliihq x1plvlek xryxfnj x1n2onr6 x1ji0vk5 x18bv5gf x193iq5w xeuugli x1fj9vlw x13faqbe x1vvkbs x1s928wv xhkezso x1gmr53x x1cpjm7i x1fgarty x1943h6x x1i0vuye xvs91rp xo1l8bm x5n08af x10wh9bi x1wdrske x8viiok x18hxmgj\" dir=\"auto\"><span class=\"x193iq5w xeuugli x1fj9vlw x13faqbe x1vvkbs xt0psk2 x1i0vuye xvs91rp xo1l8bm x5n08af x10wh9bi x1wdrske x8viiok x18hxmgj\">En una cajita de cart\u00f3n y gift set DIY (s\u00faper DIY \ud83d\ude0a) :<\/span><\/span><\/p>\n<p>&#8211; 3 libretas de papel ahuesado 100gsm 40 p\u00e1ginas con dise\u00f1os de ilustraci\u00f3n de fauna y flora de filipinas \ud83d\ude0d dibujado por una artista filipina (tama\u00f1o aprox por libreta: 8cm x 12,5 cm x 3mm).. hojas con puntos, plano y cuadriculas .<\/p>\n<p>&#8211; 1 l\u00e1piz de madera con mina de 7 colores (arco\u00edris) \u270f\ufe0f\ud83c\udf08<\/p>\n<p>&#8211; 1 saquito algod\u00f3n multiuso con la marca Gaw\u00e2 para guardar las libretas y el l\u00e1piz<\/p>\n","protected":false},"featured_media":5435,"template":"","meta":[],"product_brand":[317],"product_cat":[206,316,40,238],"product_tag":[291],"class_list":{"0":"post-5434","1":"product","2":"type-product","3":"status-publish","4":"has-post-thumbnail","6":"product_brand-casa-gawa","7":"product_cat-navidad","8":"product_cat-gift-sets","9":"product_cat-papeleria","10":"product_cat-pronto","11":"product_tag-pack","12":"yith_product_brand-casa-gawa","14":"first","15":"instock","16":"taxable","17":"shipping-taxable","18":"purchasable","19":"product-type-simple"},"_links":{"self":[{"href":"https:\/\/casa-gawa.cl\/cg\/wp-json\/wp\/v2\/product\/5434","targetHints":{"allow":["GET"]}}],"collection":[{"href":"https:\/\/casa-gawa.cl\/cg\/wp-json\/wp\/v2\/product"}],"about":[{"href":"https:\/\/casa-gawa.cl\/cg\/wp-json\/wp\/v2\/types\/product"}],"wp:featuredmedia":[{"embeddable":true,"href":"https:\/\/casa-gawa.cl\/cg\/wp-json\/wp\/v2\/media\/5435"}],"wp:attachment":[{"href":"https:\/\/casa-gawa.cl\/cg\/wp-json\/wp\/v2\/media?parent=5434"}],"wp:term":[{"taxonomy":"product_brand","embeddable":true,"href":"https:\/\/casa-gawa.cl\/cg\/wp-json\/wp\/v2\/product_brand?post=5434"},{"taxonomy":"product_cat","embeddable":true,"href":"https:\/\/casa-gawa.cl\/cg\/wp-json\/wp\/v2\/product_cat?post=5434"},{"taxonomy":"product_tag","embeddable":true,"href":"https:\/\/casa-gawa.cl\/cg\/wp-json\/wp\/v2\/product_tag?post=5434"}],"curies":[{"name":"wp","href":"https:\/\/api.w.org\/{rel}","templated":true}]}}