{"id":5321,"date":"2025-04-30T03:32:35","date_gmt":"2025-04-30T07:32:35","guid":{"rendered":"https:\/\/casa-gawa.cl\/cg\/?post_type=product&#038;p=5321"},"modified":"2026-03-03T18:00:24","modified_gmt":"2026-03-03T22:00:24","slug":"tijeras-dorado-m-copia","status":"publish","type":"product","link":"https:\/\/casa-gawa.cl\/cg\/tienda\/papeleria\/cuadernos\/marcalibros\/tijeras-dorado-m-copia\/","title":{"rendered":"clips de papel met\u00e1lico dorado &#8211; dise\u00f1o vintage"},"content":{"rendered":"<p>Tools to Liveby es una marca de papeler\u00eda taiwanesa que es muy popular por su dise\u00f1o est\u00e9tica minimalista y vintage.<\/p>\n","protected":false},"excerpt":{"rendered":"<p>Clips de papel con material de met\u00e1lico dorado (brass) con dise\u00f1o vintage.<br \/>\nViene 10 unidades por caja. La caja est\u00e1 con dise\u00f1o vintage s\u00faper linda.<br \/>\nTama\u00f1o por clip: aproximadamente:<\/p>\n<p>McGill 1900 : 2 cm x 2,2 cm<br \/>\nOwl 1908:\u00a0 1,4 x 2,2 cm<br \/>\nMogul 1918:\u00a0 2,7 x 1,8 cm<br \/>\nideal 1902:\u00a0 2 x 2,1 cm<br \/>\nWeis 1904: 2 x 2,5 cm<br \/>\nNiagara 1897:\u00a0 2,1 x 2,1 cm<\/p>\n<p>Los dise\u00f1os de clips de papel de &#8220;bronce amarillo&#8221; fue originalmente dise\u00f1ado durante a los principios de 1900. Fue adoptado y mejorado para tener una gran experiencia en usarlos y que se mantiene los papeles ordenado.<\/p>\n<p>Marca taiwanesa, fabricado en jap\u00f3n.<\/p>\n","protected":false},"featured_media":5337,"template":"","meta":[],"product_brand":[300],"product_cat":[224,45,312,41,235,311,40,198],"product_tag":[],"class_list":{"0":"post-5321","1":"product","2":"type-product","3":"status-publish","4":"has-post-thumbnail","6":"product_brand-tools-to-liveby","7":"product_cat-recien-llegados","8":"product_cat-cuadernos","9":"product_cat-marcalibros","10":"product_cat-memo","11":"product_cat-organizadores","12":"product_cat-papel-decorativo","13":"product_cat-papeleria","14":"product_cat-planners-y-calendarios","16":"first","17":"instock","18":"sale","19":"taxable","20":"shipping-taxable","21":"purchasable","22":"product-type-variable"},"_links":{"self":[{"href":"https:\/\/casa-gawa.cl\/cg\/wp-json\/wp\/v2\/product\/5321","targetHints":{"allow":["GET"]}}],"collection":[{"href":"https:\/\/casa-gawa.cl\/cg\/wp-json\/wp\/v2\/product"}],"about":[{"href":"https:\/\/casa-gawa.cl\/cg\/wp-json\/wp\/v2\/types\/product"}],"wp:featuredmedia":[{"embeddable":true,"href":"https:\/\/casa-gawa.cl\/cg\/wp-json\/wp\/v2\/media\/5337"}],"wp:attachment":[{"href":"https:\/\/casa-gawa.cl\/cg\/wp-json\/wp\/v2\/media?parent=5321"}],"wp:term":[{"taxonomy":"product_brand","embeddable":true,"href":"https:\/\/casa-gawa.cl\/cg\/wp-json\/wp\/v2\/product_brand?post=5321"},{"taxonomy":"product_cat","embeddable":true,"href":"https:\/\/casa-gawa.cl\/cg\/wp-json\/wp\/v2\/product_cat?post=5321"},{"taxonomy":"product_tag","embeddable":true,"href":"https:\/\/casa-gawa.cl\/cg\/wp-json\/wp\/v2\/product_tag?post=5321"}],"curies":[{"name":"wp","href":"https:\/\/api.w.org\/{rel}","templated":true}]}}