{"id":5320,"date":"2025-04-30T03:31:09","date_gmt":"2025-04-30T07:31:09","guid":{"rendered":"https:\/\/casa-gawa.cl\/cg\/?post_type=product&#038;p=5320"},"modified":"2026-03-03T18:05:02","modified_gmt":"2026-03-03T22:05:02","slug":"ruler-hexetate-reciclado-13cm","status":"publish","type":"product","link":"https:\/\/casa-gawa.cl\/cg\/tienda\/papeleria\/cuadernos\/marcalibros\/ruler-hexetate-reciclado-13cm\/","title":{"rendered":"Ruler hexetate reciclado 13cm"},"content":{"rendered":"<p>Tools to Liveby es una marca de papeler\u00eda taiwanesa que es muy popular por su dise\u00f1o est\u00e9tica\u00a0 minimalista y vintage.<\/p>\n","protected":false},"excerpt":{"rendered":"<p>Es una regla hecho en materiales de reciclado de antiojos, Hexetate.<br \/>\nMedidas en centimetros y pulgadas<\/p>\n<p>Color\/Modelo: cafe Havana<br \/>\nLargo: 5,9 pulgadas\/15 cm (5 pulgadas\/13 cm con las mediciones impreso)<br \/>\nGrosor: 3mm<\/p>\n<p>Marca taiwanesa, fabricado en jap\u00f3n.<\/p>\n<p>Hexetate es una material de alta-calidad que m\u00e1s resistente a deformaci\u00f3n que un acetate. Es un materil muy com\u00fan utilizar para fabricar los marco de antiojos. Liviano y pr\u00e1ctico para usar diaria. Muy linda herramienta para su journaling, scrapbooking, para leer o estudiar.<\/p>\n","protected":false},"featured_media":5317,"template":"","meta":[],"product_brand":[300],"product_cat":[45,26,312,235,311,40,198],"product_tag":[],"class_list":{"0":"post-5320","1":"product","2":"type-product","3":"status-publish","4":"has-post-thumbnail","6":"product_brand-tools-to-liveby","7":"product_cat-cuadernos","8":"product_cat-lapices","9":"product_cat-marcalibros","10":"product_cat-organizadores","11":"product_cat-papel-decorativo","12":"product_cat-papeleria","13":"product_cat-planners-y-calendarios","14":"yith_product_brand-tools-to-liveby","16":"first","17":"instock","18":"sale","19":"taxable","20":"shipping-taxable","21":"purchasable","22":"product-type-simple"},"_links":{"self":[{"href":"https:\/\/casa-gawa.cl\/cg\/wp-json\/wp\/v2\/product\/5320","targetHints":{"allow":["GET"]}}],"collection":[{"href":"https:\/\/casa-gawa.cl\/cg\/wp-json\/wp\/v2\/product"}],"about":[{"href":"https:\/\/casa-gawa.cl\/cg\/wp-json\/wp\/v2\/types\/product"}],"wp:featuredmedia":[{"embeddable":true,"href":"https:\/\/casa-gawa.cl\/cg\/wp-json\/wp\/v2\/media\/5317"}],"wp:attachment":[{"href":"https:\/\/casa-gawa.cl\/cg\/wp-json\/wp\/v2\/media?parent=5320"}],"wp:term":[{"taxonomy":"product_brand","embeddable":true,"href":"https:\/\/casa-gawa.cl\/cg\/wp-json\/wp\/v2\/product_brand?post=5320"},{"taxonomy":"product_cat","embeddable":true,"href":"https:\/\/casa-gawa.cl\/cg\/wp-json\/wp\/v2\/product_cat?post=5320"},{"taxonomy":"product_tag","embeddable":true,"href":"https:\/\/casa-gawa.cl\/cg\/wp-json\/wp\/v2\/product_tag?post=5320"}],"curies":[{"name":"wp","href":"https:\/\/api.w.org\/{rel}","templated":true}]}}