{"id":5319,"date":"2025-04-30T03:28:26","date_gmt":"2025-04-30T07:28:26","guid":{"rendered":"https:\/\/casa-gawa.cl\/cg\/?post_type=product&#038;p=5319"},"modified":"2026-03-03T18:08:00","modified_gmt":"2026-03-03T22:08:00","slug":"tijeras-dorado-m","status":"publish","type":"product","link":"https:\/\/casa-gawa.cl\/cg\/tienda\/papel-decorativo\/gift-wrap-regalos\/tijeras-dorado-m\/","title":{"rendered":"Tijeras dorado M"},"content":{"rendered":"<p>Tools to Liveby es una marca de papeler\u00eda taiwanesa que es muy popular por su dise\u00f1o est\u00e9tica\u00a0 minimalista y vintage.<\/p>\n","protected":false},"excerpt":{"rendered":"<p>Tijera acero inoxidable\u00a0 japonesa en dorado. Por su dise\u00f1o, es una linda adici\u00f3n en su escritorio y usar para scrapbooking, etc.<br \/>\nTama\u00f1o: 6,5 pulgadas (aprox 16,5cm)<\/p>\n<p>Viene en una caja con dise\u00f1o vintage.<\/p>\n<p>Marca taiwanesa, fabricada en jap\u00f3n.<\/p>\n<p>*el color dorado podr\u00eda deste\u00f1ir con el uso.<\/p>\n","protected":false},"featured_media":5318,"template":"","meta":[],"product_brand":[300],"product_cat":[224,52,242,311,325],"product_tag":[],"class_list":{"0":"post-5319","1":"product","2":"type-product","3":"status-publish","4":"has-post-thumbnail","6":"product_brand-tools-to-liveby","7":"product_cat-recien-llegados","8":"product_cat-accesorios","9":"product_cat-gift-wrap-regalos","10":"product_cat-papel-decorativo","11":"product_cat-stickers-washi","13":"first","14":"instock","15":"sale","16":"taxable","17":"shipping-taxable","18":"purchasable","19":"product-type-simple"},"_links":{"self":[{"href":"https:\/\/casa-gawa.cl\/cg\/wp-json\/wp\/v2\/product\/5319","targetHints":{"allow":["GET"]}}],"collection":[{"href":"https:\/\/casa-gawa.cl\/cg\/wp-json\/wp\/v2\/product"}],"about":[{"href":"https:\/\/casa-gawa.cl\/cg\/wp-json\/wp\/v2\/types\/product"}],"wp:featuredmedia":[{"embeddable":true,"href":"https:\/\/casa-gawa.cl\/cg\/wp-json\/wp\/v2\/media\/5318"}],"wp:attachment":[{"href":"https:\/\/casa-gawa.cl\/cg\/wp-json\/wp\/v2\/media?parent=5319"}],"wp:term":[{"taxonomy":"product_brand","embeddable":true,"href":"https:\/\/casa-gawa.cl\/cg\/wp-json\/wp\/v2\/product_brand?post=5319"},{"taxonomy":"product_cat","embeddable":true,"href":"https:\/\/casa-gawa.cl\/cg\/wp-json\/wp\/v2\/product_cat?post=5319"},{"taxonomy":"product_tag","embeddable":true,"href":"https:\/\/casa-gawa.cl\/cg\/wp-json\/wp\/v2\/product_tag?post=5319"}],"curies":[{"name":"wp","href":"https:\/\/api.w.org\/{rel}","templated":true}]}}