{"id":5315,"date":"2025-04-30T03:21:57","date_gmt":"2025-04-30T07:21:57","guid":{"rendered":"https:\/\/casa-gawa.cl\/cg\/?post_type=product&#038;p=5315"},"modified":"2026-03-03T18:08:34","modified_gmt":"2026-03-03T22:08:34","slug":"tijeras-negra-s","status":"publish","type":"product","link":"https:\/\/casa-gawa.cl\/cg\/tienda\/papel-decorativo\/gift-wrap-regalos\/tijeras-negra-s\/","title":{"rendered":"Tijeras negra S"},"content":{"rendered":"<p>Tools to Liveby es una marca de papeler\u00eda taiwanesa que es muy popular por su dise\u00f1o est\u00e9tica\u00a0 minimalista y vintage.<\/p>\n","protected":false},"excerpt":{"rendered":"<p>Tijera acero inoxidable japonesa encubierto con tefl\u00f3n negro. Es un mini tijera, hecha para que sea m\u00e1s port\u00e1til<br \/>\nTama\u00f1o: 3 pulgadas (aprox 7,6cm)<\/p>\n<p>Viene en una cajita con dise\u00f1o vintage.<\/p>\n<p>Marca taiwanesa, fabricado en jap\u00f3n.<\/p>\n<p>El Teflon ayuda para prevenir que el pegamento de las cintas adhesivas impide el corte con esta tijera.<\/p>\n","protected":false},"featured_media":5316,"template":"","meta":[],"product_brand":[300],"product_cat":[224,52,242,311,325],"product_tag":[],"class_list":{"0":"post-5315","1":"product","2":"type-product","3":"status-publish","4":"has-post-thumbnail","6":"product_brand-tools-to-liveby","7":"product_cat-recien-llegados","8":"product_cat-accesorios","9":"product_cat-gift-wrap-regalos","10":"product_cat-papel-decorativo","11":"product_cat-stickers-washi","13":"first","14":"instock","15":"sale","16":"taxable","17":"shipping-taxable","18":"purchasable","19":"product-type-simple"},"_links":{"self":[{"href":"https:\/\/casa-gawa.cl\/cg\/wp-json\/wp\/v2\/product\/5315","targetHints":{"allow":["GET"]}}],"collection":[{"href":"https:\/\/casa-gawa.cl\/cg\/wp-json\/wp\/v2\/product"}],"about":[{"href":"https:\/\/casa-gawa.cl\/cg\/wp-json\/wp\/v2\/types\/product"}],"wp:featuredmedia":[{"embeddable":true,"href":"https:\/\/casa-gawa.cl\/cg\/wp-json\/wp\/v2\/media\/5316"}],"wp:attachment":[{"href":"https:\/\/casa-gawa.cl\/cg\/wp-json\/wp\/v2\/media?parent=5315"}],"wp:term":[{"taxonomy":"product_brand","embeddable":true,"href":"https:\/\/casa-gawa.cl\/cg\/wp-json\/wp\/v2\/product_brand?post=5315"},{"taxonomy":"product_cat","embeddable":true,"href":"https:\/\/casa-gawa.cl\/cg\/wp-json\/wp\/v2\/product_cat?post=5315"},{"taxonomy":"product_tag","embeddable":true,"href":"https:\/\/casa-gawa.cl\/cg\/wp-json\/wp\/v2\/product_tag?post=5315"}],"curies":[{"name":"wp","href":"https:\/\/api.w.org\/{rel}","templated":true}]}}