{"id":497,"date":"2023-05-05T01:09:31","date_gmt":"2023-05-05T05:09:31","guid":{"rendered":"https:\/\/casa-gawa.cl\/cg\/?post_type=product&#038;p=497"},"modified":"2026-02-02T17:37:39","modified_gmt":"2026-02-02T21:37:39","slug":"bufanda-gris-algodon-tejido-a-mano","status":"publish","type":"product","link":"https:\/\/casa-gawa.cl\/cg\/tienda\/deco-moda\/moda-accesorios\/bufanda-gris-algodon-tejido-a-mano\/","title":{"rendered":"bufanda gris algod\u00f3n tejido a mano &#8211; 1,85m largo"},"content":{"rendered":"","protected":false},"excerpt":{"rendered":"<div class=\"ant-col pdp-info ant-col-xs-24 ant-col-sm-24 ant-col-md-9 ant-col-lg-9 ant-col-xl-9\">\n<div>\n<p>Pa\u00f1uelo o bufanda gris de algod\u00f3n tejido a mano. Es tejido y hecho a mano por lo que puede haber peque\u00f1as variaciones en el patr\u00f3n, el color y la apariencia o dise\u00f1o por lo que otorga exclusividad y hace que cada bufanda de este estilo es \u00fanica.<\/p>\n<p>Instrucci\u00f3n: Limpiar en seco las primeras veces o lavar a mano en agua fr\u00eda con poco detergente suave.<\/p>\n<\/div>\n<\/div>\n","protected":false},"featured_media":570,"template":"","meta":[],"product_brand":[317],"product_cat":[103,402],"product_tag":[124,129,126,130],"class_list":{"0":"post-497","1":"product","2":"type-product","3":"status-publish","4":"has-post-thumbnail","6":"product_brand-casa-gawa","7":"product_cat-deco-moda","8":"product_cat-moda-accesorios","9":"product_tag-handmade","10":"product_tag-handwoven","11":"product_tag-hecho-a-mano","12":"product_tag-tejido-a-mano","13":"product_shipping_class-correos-valdivia-centro-mas3kg","14":"yith_product_brand-casa-gawa","16":"first","17":"instock","18":"taxable","19":"shipping-taxable","20":"purchasable","21":"product-type-simple"},"_links":{"self":[{"href":"https:\/\/casa-gawa.cl\/cg\/wp-json\/wp\/v2\/product\/497","targetHints":{"allow":["GET"]}}],"collection":[{"href":"https:\/\/casa-gawa.cl\/cg\/wp-json\/wp\/v2\/product"}],"about":[{"href":"https:\/\/casa-gawa.cl\/cg\/wp-json\/wp\/v2\/types\/product"}],"wp:featuredmedia":[{"embeddable":true,"href":"https:\/\/casa-gawa.cl\/cg\/wp-json\/wp\/v2\/media\/570"}],"wp:attachment":[{"href":"https:\/\/casa-gawa.cl\/cg\/wp-json\/wp\/v2\/media?parent=497"}],"wp:term":[{"taxonomy":"product_brand","embeddable":true,"href":"https:\/\/casa-gawa.cl\/cg\/wp-json\/wp\/v2\/product_brand?post=497"},{"taxonomy":"product_cat","embeddable":true,"href":"https:\/\/casa-gawa.cl\/cg\/wp-json\/wp\/v2\/product_cat?post=497"},{"taxonomy":"product_tag","embeddable":true,"href":"https:\/\/casa-gawa.cl\/cg\/wp-json\/wp\/v2\/product_tag?post=497"}],"curies":[{"name":"wp","href":"https:\/\/api.w.org\/{rel}","templated":true}]}}