{"id":493,"date":"2023-05-05T00:28:04","date_gmt":"2023-05-05T04:28:04","guid":{"rendered":"https:\/\/casa-gawa.cl\/cg\/?post_type=product&#038;p=493"},"modified":"2026-04-16T16:05:38","modified_gmt":"2026-04-16T20:05:38","slug":"bandeja-de-piedra-blanco-y-azul-15cm-diametro-exterior","status":"publish","type":"product","link":"https:\/\/casa-gawa.cl\/cg\/tienda\/deco-moda\/mesa\/bandeja-de-piedra-blanco-y-azul-15cm-diametro-exterior\/","title":{"rendered":"bandeja de piedra blanco y azul 15cm di\u00e1metro exterior"},"content":{"rendered":"","protected":false},"excerpt":{"rendered":"<p><span class=\"qa-fs-14 order-product-name\">Una bandeja de piedra blanca y azul de 15 cm de di\u00e1metro exterior. Podr\u00eda utilizar como vaciabolsillos. Para llaves, monedas, o joyas. Hecho por artesanos en India.<br \/>\n<\/span><\/p>\n<p>Interior: 13 cm aprox di\u00e1metro<\/p>\n<p>Nota: Es hecho a mano y cada pieza es \u00fanica (dise\u00f1o o distribuci\u00f3n de las piedras azules.)<\/p>\n","protected":false},"featured_media":591,"template":"","meta":[],"product_brand":[317],"product_cat":[103,400],"product_tag":[424],"class_list":{"0":"post-493","1":"product","2":"type-product","3":"status-publish","4":"has-post-thumbnail","6":"product_brand-casa-gawa","7":"product_cat-deco-moda","8":"product_cat-mesa","9":"product_tag-artesanal","10":"product_shipping_class-correos-valdivia-centro-mas3kg","11":"yith_product_brand-casa-gawa","13":"first","14":"instock","15":"sale","16":"taxable","17":"shipping-taxable","18":"purchasable","19":"product-type-simple"},"_links":{"self":[{"href":"https:\/\/casa-gawa.cl\/cg\/wp-json\/wp\/v2\/product\/493","targetHints":{"allow":["GET"]}}],"collection":[{"href":"https:\/\/casa-gawa.cl\/cg\/wp-json\/wp\/v2\/product"}],"about":[{"href":"https:\/\/casa-gawa.cl\/cg\/wp-json\/wp\/v2\/types\/product"}],"wp:featuredmedia":[{"embeddable":true,"href":"https:\/\/casa-gawa.cl\/cg\/wp-json\/wp\/v2\/media\/591"}],"wp:attachment":[{"href":"https:\/\/casa-gawa.cl\/cg\/wp-json\/wp\/v2\/media?parent=493"}],"wp:term":[{"taxonomy":"product_brand","embeddable":true,"href":"https:\/\/casa-gawa.cl\/cg\/wp-json\/wp\/v2\/product_brand?post=493"},{"taxonomy":"product_cat","embeddable":true,"href":"https:\/\/casa-gawa.cl\/cg\/wp-json\/wp\/v2\/product_cat?post=493"},{"taxonomy":"product_tag","embeddable":true,"href":"https:\/\/casa-gawa.cl\/cg\/wp-json\/wp\/v2\/product_tag?post=493"}],"curies":[{"name":"wp","href":"https:\/\/api.w.org\/{rel}","templated":true}]}}