{"id":4637,"date":"2025-04-24T17:58:45","date_gmt":"2025-04-24T21:58:45","guid":{"rendered":"https:\/\/casa-gawa.cl\/cg\/?post_type=product&#038;p=4637"},"modified":"2026-02-28T13:00:23","modified_gmt":"2026-02-28T17:00:23","slug":"cinta-de-washi-mt-15mm-x-7m-color-solido-matte-light-blue","status":"publish","type":"product","link":"https:\/\/casa-gawa.cl\/cg\/tienda\/stickers-washi\/washi-tape\/cinta-de-washi-mt-15mm-x-7m-color-solido-matte-light-blue\/","title":{"rendered":"cinta de washi mt 15mm x 7m color s\u00f3lido &#8211; matte light blue"},"content":{"rendered":"<div class=\"flex flex-grow flex-col max-w-full gap-3 gizmo:gap-0\">\n<div class=\"min-h-[20px] text-message peer flex flex-col items-start gap-3 whitespace-pre-wrap break-words peer-[.text-message]:mt-5 overflow-x-auto\" data-message-author-role=\"assistant\" data-message-id=\"5615d2c6-b5f0-40eb-bcfb-d35b60dc5bd4\">\n<div class=\"markdown prose w-full break-words dark:prose-invert dark\">\n<p>La cinta washi MT masking tape de Kamoi Kakoshi Co Ltd es conocida por su exquisita calidad y versatilidad. Con una amplia gama de dise\u00f1os creativos y una adherencia perfecta, esta cinta japonesa transforma la decoraci\u00f3n y la organizaci\u00f3n, ofreciendo una experiencia \u00fanica de personalizaci\u00f3n.<\/p>\n<p>Casa Gaw\u00e2 es una tienda autorizada a venderlas dentro de Chile.<\/p>\n<\/div>\n<\/div>\n<\/div>\n<p>&nbsp;<\/p>\n","protected":false},"excerpt":{"rendered":"<p>varios (28) colores s\u00f3lidos disponibles<br \/>\nNota: los colores en la p\u00e1gina son representativas, podr\u00edan tener un poco de variaci\u00f3n con el tono por efecto de luz de la pantalla del monitor del equipo.<br \/>\nAncho: 15mm<br \/>\nLargo: 7m<br \/>\nHecho en Jap\u00f3n<\/p>\n","protected":false},"featured_media":2938,"template":"","meta":[],"product_brand":[299],"product_cat":[40,275,233],"product_tag":[168,166,167],"class_list":{"0":"post-4637","1":"product","2":"type-product","3":"status-publish","4":"has-post-thumbnail","6":"product_brand-mt","7":"product_cat-papeleria","8":"product_cat-papeleria-japonesa","9":"product_cat-washi-tape","10":"product_tag-cinta","11":"product_tag-washi","12":"product_tag-washi-tape","13":"product_shipping_class-correos-valdivia-centro-mas3kg","14":"yith_product_brand-mt","16":"first","17":"instock","18":"taxable","19":"shipping-taxable","20":"purchasable","21":"product-type-simple"},"_links":{"self":[{"href":"https:\/\/casa-gawa.cl\/cg\/wp-json\/wp\/v2\/product\/4637","targetHints":{"allow":["GET"]}}],"collection":[{"href":"https:\/\/casa-gawa.cl\/cg\/wp-json\/wp\/v2\/product"}],"about":[{"href":"https:\/\/casa-gawa.cl\/cg\/wp-json\/wp\/v2\/types\/product"}],"wp:featuredmedia":[{"embeddable":true,"href":"https:\/\/casa-gawa.cl\/cg\/wp-json\/wp\/v2\/media\/2938"}],"wp:attachment":[{"href":"https:\/\/casa-gawa.cl\/cg\/wp-json\/wp\/v2\/media?parent=4637"}],"wp:term":[{"taxonomy":"product_brand","embeddable":true,"href":"https:\/\/casa-gawa.cl\/cg\/wp-json\/wp\/v2\/product_brand?post=4637"},{"taxonomy":"product_cat","embeddable":true,"href":"https:\/\/casa-gawa.cl\/cg\/wp-json\/wp\/v2\/product_cat?post=4637"},{"taxonomy":"product_tag","embeddable":true,"href":"https:\/\/casa-gawa.cl\/cg\/wp-json\/wp\/v2\/product_tag?post=4637"}],"curies":[{"name":"wp","href":"https:\/\/api.w.org\/{rel}","templated":true}]}}