{"id":41,"date":"2023-04-08T04:33:39","date_gmt":"2023-04-08T08:33:39","guid":{"rendered":"https:\/\/casa-gawa.cl\/cg\/?post_type=product&#038;p=41"},"modified":"2026-01-11T08:15:35","modified_gmt":"2026-01-11T12:15:35","slug":"lapiz-fuente-pluma-tinta-negra","status":"publish","type":"product","link":"https:\/\/casa-gawa.cl\/cg\/tienda\/lapices\/tinta-y-plumas\/lapiz-fuente-pluma-tinta-negra\/","title":{"rendered":"L\u00e1piz fuente pluma tinta negra con tinta y un convertidor"},"content":{"rendered":"<p>Muy bueno para los principiantes y amantes de lapices fuente plumas . Apta a 14 a\u00f1o a mayores. No Apto para ni\u00f1os de 3 a\u00f1os y menos por los componentes peque\u00f1os del l\u00e1piz.<\/p>\n<p>Instrucciones en el uso del convertidor:<\/p>\n<ol>\n<li>\u00a0Coloca el convertido en la ranura donde se pone normalmente el saco de tinta.<\/li>\n<li>\u00a0Gire el convertidor hacia su izquierdo para que el componente negro est\u00e1 puesta &#8220;atornillada&#8221; hasta al fondo del convertidor.<\/li>\n<li>\u00a0Coloca vertical la punta del l\u00e1piz fuente pluma dentro de la botella de la tinta y gire el convertidor hacia a derecha hasta que el componente negro se sube y con la presi\u00f3n, se extrae la tinta hacia el convertidor desde la botella. Pruebe llenar hasta 3\/4 de la capacidad (no llenar tanto) para prevenir el derrame de tinta y se ensucie.<\/li>\n<li>Limpie con agua tibia cuando est\u00e1 vac\u00edo de tinta la l\u00e1piz fuente pluma y no se usara pronto para evitar que se bloque el paso de la tinta hacia la punta.<\/li>\n<\/ol>\n","protected":false},"excerpt":{"rendered":"<p>L\u00e1piz fuente pluma (fountain pen) con <strong>punta (nib) EF (extra fina)<\/strong> de color azul glacial hecho en <strong>material ABS<\/strong>.<br \/>\nEste lapiz ha recibido varios reconocimiento:<\/p>\n<p>2016 Contemporary Good Design Award<br \/>\n2018 German Red Dot Design Award<br \/>\n2019 Italian A&#8217; Design Award<\/p>\n<p>En la caja viene con <strong>dos sacos de tinta negra de repuestos<\/strong> y <strong>un convertidor<\/strong> para poner tinta en botella.<br \/>\nLargo del l\u00e1piz gel: <strong>13,4 cm<\/strong> (tapa cerrado).<br \/>\nLa caja se puede reutilizar para guardar lapices u otros.<\/p>\n","protected":false},"featured_media":161,"template":"","meta":[],"product_brand":[298],"product_cat":[26,40,396],"product_tag":[],"class_list":{"0":"post-41","1":"product","2":"type-product","3":"status-publish","4":"has-post-thumbnail","6":"product_brand-kaco","7":"product_cat-lapices","8":"product_cat-papeleria","9":"product_cat-tinta-y-plumas","10":"product_shipping_class-correos-valdivia-centro-mas3kg","11":"yith_product_brand-kaco","13":"first","14":"instock","15":"taxable","16":"shipping-taxable","17":"purchasable","18":"product-type-simple"},"_links":{"self":[{"href":"https:\/\/casa-gawa.cl\/cg\/wp-json\/wp\/v2\/product\/41","targetHints":{"allow":["GET"]}}],"collection":[{"href":"https:\/\/casa-gawa.cl\/cg\/wp-json\/wp\/v2\/product"}],"about":[{"href":"https:\/\/casa-gawa.cl\/cg\/wp-json\/wp\/v2\/types\/product"}],"wp:featuredmedia":[{"embeddable":true,"href":"https:\/\/casa-gawa.cl\/cg\/wp-json\/wp\/v2\/media\/161"}],"wp:attachment":[{"href":"https:\/\/casa-gawa.cl\/cg\/wp-json\/wp\/v2\/media?parent=41"}],"wp:term":[{"taxonomy":"product_brand","embeddable":true,"href":"https:\/\/casa-gawa.cl\/cg\/wp-json\/wp\/v2\/product_brand?post=41"},{"taxonomy":"product_cat","embeddable":true,"href":"https:\/\/casa-gawa.cl\/cg\/wp-json\/wp\/v2\/product_cat?post=41"},{"taxonomy":"product_tag","embeddable":true,"href":"https:\/\/casa-gawa.cl\/cg\/wp-json\/wp\/v2\/product_tag?post=41"}],"curies":[{"name":"wp","href":"https:\/\/api.w.org\/{rel}","templated":true}]}}