{"id":3980,"date":"2025-04-24T15:54:11","date_gmt":"2025-04-24T19:54:11","guid":{"rendered":"https:\/\/casa-gawa.cl\/cg\/?post_type=product&#038;p=3980"},"modified":"2026-04-07T17:48:42","modified_gmt":"2026-04-07T21:48:42","slug":"lapiz-alpha-con-tinta-gel-negra-numeros-0-9","status":"publish","type":"product","link":"https:\/\/casa-gawa.cl\/cg\/tienda\/lapices\/tinta-y-plumas\/lapiz-alpha-con-tinta-gel-negra-numeros-0-9\/","title":{"rendered":"L\u00e1piz Alpha con tinta gel negra &#8211; n\u00fameros 0-9"},"content":{"rendered":"","protected":false},"excerpt":{"rendered":"<p>Lapices entretenidos con letras o n\u00fameros y pueden combinar para formar una palabra, nombre, iniciales, etc. Ha ganado un premio por su buen dise\u00f1o:<\/p>\n<p>2019 German Red Dot Design Award<br \/>\n2019 China Red Star Design Award<\/p>\n<p>Cuerpo del l\u00e1piz ABS de diferentes colores re-utilizable usando otra tinta del mismo tama\u00f1o y forma.<br \/>\nTinta gel: negra<\/p>\n<p>Note: Podr\u00eda que hay diferencia de ver el color de los l\u00e1pices en su pantalla por la luz cuando se tom\u00f3 las im\u00e1genes.<\/p>\n<p>Si no encuentra el n\u00famero que buscaba, est\u00e1 agotado.<\/p>\n","protected":false},"featured_media":3285,"template":"","meta":[],"product_brand":[298],"product_cat":[26,40,396],"product_tag":[282],"class_list":{"0":"post-3980","1":"product","2":"type-product","3":"status-publish","4":"has-post-thumbnail","6":"product_brand-kaco","7":"product_cat-lapices","8":"product_cat-papeleria","9":"product_cat-tinta-y-plumas","10":"product_tag-red","11":"product_shipping_class-correos-valdivia-centro-mas3kg","12":"yith_product_brand-kaco","14":"first","15":"instock","16":"taxable","17":"shipping-taxable","18":"purchasable","19":"product-type-variable"},"_links":{"self":[{"href":"https:\/\/casa-gawa.cl\/cg\/wp-json\/wp\/v2\/product\/3980","targetHints":{"allow":["GET"]}}],"collection":[{"href":"https:\/\/casa-gawa.cl\/cg\/wp-json\/wp\/v2\/product"}],"about":[{"href":"https:\/\/casa-gawa.cl\/cg\/wp-json\/wp\/v2\/types\/product"}],"wp:featuredmedia":[{"embeddable":true,"href":"https:\/\/casa-gawa.cl\/cg\/wp-json\/wp\/v2\/media\/3285"}],"wp:attachment":[{"href":"https:\/\/casa-gawa.cl\/cg\/wp-json\/wp\/v2\/media?parent=3980"}],"wp:term":[{"taxonomy":"product_brand","embeddable":true,"href":"https:\/\/casa-gawa.cl\/cg\/wp-json\/wp\/v2\/product_brand?post=3980"},{"taxonomy":"product_cat","embeddable":true,"href":"https:\/\/casa-gawa.cl\/cg\/wp-json\/wp\/v2\/product_cat?post=3980"},{"taxonomy":"product_tag","embeddable":true,"href":"https:\/\/casa-gawa.cl\/cg\/wp-json\/wp\/v2\/product_tag?post=3980"}],"curies":[{"name":"wp","href":"https:\/\/api.w.org\/{rel}","templated":true}]}}