{"id":38,"date":"2023-04-08T04:33:38","date_gmt":"2023-04-08T08:33:38","guid":{"rendered":"https:\/\/casa-gawa.cl\/cg\/?post_type=product&#038;p=38"},"modified":"2025-06-05T11:56:30","modified_gmt":"2025-06-05T15:56:30","slug":"lapiz-kawaii-con-tinta-gel-negra-y-dos-repuestos-modelo-first","status":"publish","type":"product","link":"https:\/\/casa-gawa.cl\/cg\/tienda\/lapices\/lapiz-kawaii-con-tinta-gel-negra-y-dos-repuestos-modelo-first\/","title":{"rendered":"L\u00e1piz kawaii con tinta gel negra y dos repuestos, modelo FIRST"},"content":{"rendered":"<p>Gire la parte superior del bol\u00edgrafo en sentido de reloj (clockwise) para mostrar al mismo tiempo el corazoncito rojo y la punta del l\u00e1piz\u00a0 para escribir. <strong>Se debe sacar la tapa de protecci\u00f3n de la punta de la tinta gel antes de escribir.<\/strong><\/p>\n<p>Cuerpo del l\u00e1piz re-utilizable usando otra tinta del mismo tama\u00f1o y forma (Por favor, ver imagen de referencia de la forma del repuesto de tinta del lapiz Kaco model FIRST).<\/p>\n","protected":false},"excerpt":{"rendered":"<p>El set\u00a0 viene con dos sacos de tinta gel negra de repuestos. <strong>Tama\u00f1o de la punta<\/strong>: 0,5mm <strong>Largo del lapiz<\/strong>: 14,5 cm y extendido a 16,5 cm<\/p>\n","protected":false},"featured_media":158,"template":"","meta":[],"product_brand":[298],"product_cat":[26,40],"product_tag":[282],"class_list":{"0":"post-38","1":"product","2":"type-product","3":"status-publish","4":"has-post-thumbnail","6":"product_brand-kaco","7":"product_cat-lapices","8":"product_cat-papeleria","9":"product_tag-red","10":"product_shipping_class-correos-valdivia-centro-mas3kg","11":"yith_product_brand-kaco","13":"first","14":"outofstock","15":"sale","16":"taxable","17":"shipping-taxable","18":"purchasable","19":"product-type-simple"},"_links":{"self":[{"href":"https:\/\/casa-gawa.cl\/cg\/wp-json\/wp\/v2\/product\/38","targetHints":{"allow":["GET"]}}],"collection":[{"href":"https:\/\/casa-gawa.cl\/cg\/wp-json\/wp\/v2\/product"}],"about":[{"href":"https:\/\/casa-gawa.cl\/cg\/wp-json\/wp\/v2\/types\/product"}],"wp:featuredmedia":[{"embeddable":true,"href":"https:\/\/casa-gawa.cl\/cg\/wp-json\/wp\/v2\/media\/158"}],"wp:attachment":[{"href":"https:\/\/casa-gawa.cl\/cg\/wp-json\/wp\/v2\/media?parent=38"}],"wp:term":[{"taxonomy":"product_brand","embeddable":true,"href":"https:\/\/casa-gawa.cl\/cg\/wp-json\/wp\/v2\/product_brand?post=38"},{"taxonomy":"product_cat","embeddable":true,"href":"https:\/\/casa-gawa.cl\/cg\/wp-json\/wp\/v2\/product_cat?post=38"},{"taxonomy":"product_tag","embeddable":true,"href":"https:\/\/casa-gawa.cl\/cg\/wp-json\/wp\/v2\/product_tag?post=38"}],"curies":[{"name":"wp","href":"https:\/\/api.w.org\/{rel}","templated":true}]}}