{"id":3483,"date":"2024-11-30T18:35:10","date_gmt":"2024-11-30T22:35:10","guid":{"rendered":"https:\/\/casa-gawa.cl\/cg\/?post_type=product&#038;p=3483"},"modified":"2026-04-14T12:02:34","modified_gmt":"2026-04-14T16:02:34","slug":"toolbox-multi-uso-st-350-plata","status":"publish","type":"product","link":"https:\/\/casa-gawa.cl\/cg\/tienda\/organizadores\/toolbox-multi-uso-st-350-plata\/","title":{"rendered":"Toolbox multi-uso ST-350 plata"},"content":{"rendered":"","protected":false},"excerpt":{"rendered":"<p>NOTA: \u00daltima unidad que est\u00e1 en la muestra en la tienda f\u00edsica. No tiene devoluci\u00f3n.<\/p>\n<p>Caja metal multiuso: en manualidades y hobby, colecci\u00f3n de papeler\u00eda, para costura, como un botiqu\u00edn, de construcci\u00f3n,\u00a0 joyero, entre otros usos.<\/p>\n<p><span class=\"HwtZe\" lang=\"es\"><span class=\"jCAhz ChMk0b\"><span class=\"ryNqvb\">-Duradero y funcional<br \/>\n-Asas dobles, capas dobles<br \/>\n-Espacio de almacenamiento de gran volumen<br \/>\n-Viene con 8 divisores extra\u00edbles para bandejas<br \/>\n-Se puede acoplar con cerradura de cilindro de \u03c64,8 mm<\/span><\/span><\/span><\/p>\n<p>\u2606Al abrir la caja interior blanca que contiene el producto, un corte profundo con un cuchillo u otro instrumento cortante puede da\u00f1ar el producto en s\u00ed. <span class=\"jCAhz ChMk0b\"><span class=\"ryNqvb\">Abra la caja con cuidado.<\/span><\/span><\/p>\n<p>Modelo: ST-350SV<br \/>\nColor: Plata<br \/>\nTextura: brillante \/ perlada<br \/>\nMedidas interior: W34,8xD15,8xH10,3 cm<br \/>\nMedidas exterior: W35,0xD16,0xH21,5 cm<\/p>\n","protected":false},"featured_media":3496,"template":"","meta":[],"product_brand":[289],"product_cat":[235],"product_tag":[204,277,276,237],"class_list":{"0":"post-3483","1":"product","2":"type-product","3":"status-publish","4":"has-post-thumbnail","6":"product_brand-toyo-steel","7":"product_cat-organizadores","8":"product_tag-caja","9":"product_tag-metal","10":"product_tag-toolbox","11":"product_tag-toyo-steel","12":"product_shipping_class-correos-valdivia-centro-mas3kg","13":"yith_product_brand-toyo-steel","15":"first","16":"instock","17":"sale","18":"taxable","19":"shipping-taxable","20":"purchasable","21":"product-type-simple"},"_links":{"self":[{"href":"https:\/\/casa-gawa.cl\/cg\/wp-json\/wp\/v2\/product\/3483","targetHints":{"allow":["GET"]}}],"collection":[{"href":"https:\/\/casa-gawa.cl\/cg\/wp-json\/wp\/v2\/product"}],"about":[{"href":"https:\/\/casa-gawa.cl\/cg\/wp-json\/wp\/v2\/types\/product"}],"wp:featuredmedia":[{"embeddable":true,"href":"https:\/\/casa-gawa.cl\/cg\/wp-json\/wp\/v2\/media\/3496"}],"wp:attachment":[{"href":"https:\/\/casa-gawa.cl\/cg\/wp-json\/wp\/v2\/media?parent=3483"}],"wp:term":[{"taxonomy":"product_brand","embeddable":true,"href":"https:\/\/casa-gawa.cl\/cg\/wp-json\/wp\/v2\/product_brand?post=3483"},{"taxonomy":"product_cat","embeddable":true,"href":"https:\/\/casa-gawa.cl\/cg\/wp-json\/wp\/v2\/product_cat?post=3483"},{"taxonomy":"product_tag","embeddable":true,"href":"https:\/\/casa-gawa.cl\/cg\/wp-json\/wp\/v2\/product_tag?post=3483"}],"curies":[{"name":"wp","href":"https:\/\/api.w.org\/{rel}","templated":true}]}}