{"id":3449,"date":"2024-11-30T16:24:33","date_gmt":"2024-11-30T20:24:33","guid":{"rendered":"https:\/\/casa-gawa.cl\/cg\/?post_type=product&#038;p=3449"},"modified":"2026-01-31T17:38:08","modified_gmt":"2026-01-31T21:38:08","slug":"toolbox-multi-uso-y-280-azul","status":"publish","type":"product","link":"https:\/\/casa-gawa.cl\/cg\/tienda\/organizadores\/toolbox-multi-uso-y-280-azul\/","title":{"rendered":"Toolbox multi-uso Y-280 azul"},"content":{"rendered":"","protected":false},"excerpt":{"rendered":"<p>Caja metal multiuso: en manualidades y hobby, colecci\u00f3n de papeler\u00eda, para costura, como un botiqu\u00edn, de construcci\u00f3n,\u00a0 joyero, entre otros usos.<br \/>\nHecho a partir de una sola placa de acero sin costuras, con un mango redondo sin bordes afilados, este producto es duradero y funcional. Se puede acoplar con una cerradura de cilindro de \u03c64mm, y su cubierta superior Camber permite una mayor capacidad.<\/p>\n<p>Modelo: Y-280B<br \/>\nColor: Azul<br \/>\nTextura: esmaltada \/ brillante \/ perlada<br \/>\nMedidas interior: 27,6&#215;13,6&#215;7,0 cm<br \/>\nMedidas exterior: 30,4&#215;16,4&#215;12,3 cm<\/p>\n<p>&nbsp;<\/p>\n","protected":false},"featured_media":2702,"template":"","meta":[],"product_brand":[289],"product_cat":[235],"product_tag":[204,277,276,237],"class_list":{"0":"post-3449","1":"product","2":"type-product","3":"status-publish","4":"has-post-thumbnail","6":"product_brand-toyo-steel","7":"product_cat-organizadores","8":"product_tag-caja","9":"product_tag-metal","10":"product_tag-toolbox","11":"product_tag-toyo-steel","12":"product_shipping_class-correos-valdivia-centro-mas3kg","13":"yith_product_brand-toyo-steel","15":"first","16":"instock","17":"taxable","18":"shipping-taxable","19":"purchasable","20":"product-type-simple"},"_links":{"self":[{"href":"https:\/\/casa-gawa.cl\/cg\/wp-json\/wp\/v2\/product\/3449","targetHints":{"allow":["GET"]}}],"collection":[{"href":"https:\/\/casa-gawa.cl\/cg\/wp-json\/wp\/v2\/product"}],"about":[{"href":"https:\/\/casa-gawa.cl\/cg\/wp-json\/wp\/v2\/types\/product"}],"wp:featuredmedia":[{"embeddable":true,"href":"https:\/\/casa-gawa.cl\/cg\/wp-json\/wp\/v2\/media\/2702"}],"wp:attachment":[{"href":"https:\/\/casa-gawa.cl\/cg\/wp-json\/wp\/v2\/media?parent=3449"}],"wp:term":[{"taxonomy":"product_brand","embeddable":true,"href":"https:\/\/casa-gawa.cl\/cg\/wp-json\/wp\/v2\/product_brand?post=3449"},{"taxonomy":"product_cat","embeddable":true,"href":"https:\/\/casa-gawa.cl\/cg\/wp-json\/wp\/v2\/product_cat?post=3449"},{"taxonomy":"product_tag","embeddable":true,"href":"https:\/\/casa-gawa.cl\/cg\/wp-json\/wp\/v2\/product_tag?post=3449"}],"curies":[{"name":"wp","href":"https:\/\/api.w.org\/{rel}","templated":true}]}}