{"id":2958,"date":"2024-09-24T16:24:49","date_gmt":"2024-09-24T20:24:49","guid":{"rendered":"https:\/\/casa-gawa.cl\/cg\/?post_type=product&#038;p=2958"},"modified":"2026-02-02T15:40:36","modified_gmt":"2026-02-02T19:40:36","slug":"papel-japones-yuzen-origami-floral-celeste","status":"publish","type":"product","link":"https:\/\/casa-gawa.cl\/cg\/tienda\/papel-decorativo\/chiyogami-yuzen\/papel-japones-yuzen-origami-floral-celeste\/","title":{"rendered":"Papel japon\u00e9s Yuzen origami floral celeste"},"content":{"rendered":"<p>Hecho en papel japon\u00e9s Yuzen pintado a mano con patrones tradicionales de dise\u00f1o floral con tonos celestes.<br \/>\nLas tintas o los tonos de oro y plata fueron aplicadas a mano.<br \/>\nDise\u00f1ado para compartir la cultura de origami a todos y todas.<\/p>\n","protected":false},"excerpt":{"rendered":"<p>El perfecto regalo para los amantes de origami.<br \/>\nPapel decorativo especial para origami hecho en papel japon\u00e9s Yuzen.<\/p>\n<p>15 cm x 15 cm<br \/>\n5 patrones x 2 hojas, total 10 hojas<br \/>\nDise\u00f1o: floral tono celeste<br \/>\nHecho en jap\u00f3n, pintado o te\u00f1ido a mano.<\/p>\n","protected":false},"featured_media":2960,"template":"","meta":[],"product_brand":[288],"product_cat":[406,405,311,247,275],"product_tag":[245,243,244,166],"class_list":{"0":"post-2958","1":"product","2":"type-product","3":"status-publish","4":"has-post-thumbnail","6":"product_brand-shogado","7":"product_cat-chiyogami-yuzen","8":"product_cat-origami","9":"product_cat-papel-decorativo","10":"product_cat-papel-japones-washi","11":"product_cat-papeleria-japonesa","12":"product_tag-journal","13":"product_tag-origami","14":"product_tag-scrapbooking","15":"product_tag-washi","16":"product_shipping_class-correos-valdivia-centro-mas3kg","17":"yith_product_brand-shogado","19":"first","20":"instock","21":"taxable","22":"shipping-taxable","23":"purchasable","24":"product-type-simple"},"_links":{"self":[{"href":"https:\/\/casa-gawa.cl\/cg\/wp-json\/wp\/v2\/product\/2958","targetHints":{"allow":["GET"]}}],"collection":[{"href":"https:\/\/casa-gawa.cl\/cg\/wp-json\/wp\/v2\/product"}],"about":[{"href":"https:\/\/casa-gawa.cl\/cg\/wp-json\/wp\/v2\/types\/product"}],"wp:featuredmedia":[{"embeddable":true,"href":"https:\/\/casa-gawa.cl\/cg\/wp-json\/wp\/v2\/media\/2960"}],"wp:attachment":[{"href":"https:\/\/casa-gawa.cl\/cg\/wp-json\/wp\/v2\/media?parent=2958"}],"wp:term":[{"taxonomy":"product_brand","embeddable":true,"href":"https:\/\/casa-gawa.cl\/cg\/wp-json\/wp\/v2\/product_brand?post=2958"},{"taxonomy":"product_cat","embeddable":true,"href":"https:\/\/casa-gawa.cl\/cg\/wp-json\/wp\/v2\/product_cat?post=2958"},{"taxonomy":"product_tag","embeddable":true,"href":"https:\/\/casa-gawa.cl\/cg\/wp-json\/wp\/v2\/product_tag?post=2958"}],"curies":[{"name":"wp","href":"https:\/\/api.w.org\/{rel}","templated":true}]}}