{"id":2789,"date":"2024-08-07T02:20:14","date_gmt":"2024-08-07T06:20:14","guid":{"rendered":"https:\/\/casa-gawa.cl\/cg\/?post_type=product&#038;p=2789"},"modified":"2026-04-14T11:40:29","modified_gmt":"2026-04-14T15:40:29","slug":"ro-biki-note-basic-2mm-cuadricula","status":"publish","type":"product","link":"https:\/\/casa-gawa.cl\/cg\/tienda\/papeleria\/cuadernos\/ro-biki-note-basic-2mm-cuadricula\/","title":{"rendered":"RO-BIKI Note Basic &#8211; 2mm cuadricula"},"content":{"rendered":"<p>El papel encerado se utiliza en la cubierta de esta serie de cuadernos. Con el uso, presenta m\u00e1s arrugas y rayaduras, ideal para quienes aprecian el envejecido. Seleccionamos cuidadosamente un papel especial con excelente calidad de escritura, compatible con l\u00e1pices grafitos y bol\u00edgrafos, dip y plumas fuente.<\/p>\n<p>El sistema de encuadernaci\u00f3n con hilo refuerza la durabilidad del libro, evitando que las p\u00e1ginas se caigan incluso con un uso prolongado o al girar 360\u00b0. El tama\u00f1o original de 91\u00d7210 mm es compacto, cabe en el bolsillo, y es vers\u00e1til para uso en el escritorio o al aire libre.<\/p>\n<p><iframe loading=\"lazy\" title=\"YouTube video player\" src=\"https:\/\/www.youtube.com\/embed\/xGE1Tgu3HxE?si=Fl30bNNx-yCt_Xv5\" width=\"560\" height=\"315\" frameborder=\"0\" allowfullscreen=\"allowfullscreen\"><\/iframe><\/p>\n","protected":false},"excerpt":{"rendered":"<p>Hojas: 60<br \/>\nTapa: Papel especial &#8211; Encerado (no cart\u00f3n)<br \/>\nP\u00e1ginas: Plain, Ahuesada; rough premium writing paper<br \/>\nTama\u00f1o: 91\u00d7210mm(8.3&#215;3.5in)<br \/>\nEncuadernaci\u00f3n: Saddle-stitch<\/p>\n<p>Hecho en Jap\u00f3n<\/p>\n","protected":false},"featured_media":2772,"template":"","meta":[],"product_brand":[296],"product_cat":[45,41,40,275],"product_tag":[441,241,240],"class_list":{"0":"post-2789","1":"product","2":"type-product","3":"status-publish","4":"has-post-thumbnail","6":"product_brand-yamamoto-paper","7":"product_cat-cuadernos","8":"product_cat-memo","9":"product_cat-papeleria","10":"product_cat-papeleria-japonesa","11":"product_tag-a5-slim","12":"product_tag-travel","13":"product_tag-yamamoto","14":"product_shipping_class-correos-valdivia-centro-mas3kg","15":"yith_product_brand-yamamoto-paper","17":"first","18":"instock","19":"taxable","20":"shipping-taxable","21":"purchasable","22":"product-type-simple"},"_links":{"self":[{"href":"https:\/\/casa-gawa.cl\/cg\/wp-json\/wp\/v2\/product\/2789","targetHints":{"allow":["GET"]}}],"collection":[{"href":"https:\/\/casa-gawa.cl\/cg\/wp-json\/wp\/v2\/product"}],"about":[{"href":"https:\/\/casa-gawa.cl\/cg\/wp-json\/wp\/v2\/types\/product"}],"wp:featuredmedia":[{"embeddable":true,"href":"https:\/\/casa-gawa.cl\/cg\/wp-json\/wp\/v2\/media\/2772"}],"wp:attachment":[{"href":"https:\/\/casa-gawa.cl\/cg\/wp-json\/wp\/v2\/media?parent=2789"}],"wp:term":[{"taxonomy":"product_brand","embeddable":true,"href":"https:\/\/casa-gawa.cl\/cg\/wp-json\/wp\/v2\/product_brand?post=2789"},{"taxonomy":"product_cat","embeddable":true,"href":"https:\/\/casa-gawa.cl\/cg\/wp-json\/wp\/v2\/product_cat?post=2789"},{"taxonomy":"product_tag","embeddable":true,"href":"https:\/\/casa-gawa.cl\/cg\/wp-json\/wp\/v2\/product_tag?post=2789"}],"curies":[{"name":"wp","href":"https:\/\/api.w.org\/{rel}","templated":true}]}}