{"id":2761,"date":"2024-08-07T00:37:08","date_gmt":"2024-08-07T04:37:08","guid":{"rendered":"https:\/\/casa-gawa.cl\/cg\/?post_type=product&#038;p=2761"},"modified":"2026-04-14T11:42:09","modified_gmt":"2026-04-14T15:42:09","slug":"ro-biki-note-canvas-cover-azul-hecho-a-mano","status":"publish","type":"product","link":"https:\/\/casa-gawa.cl\/cg\/tienda\/papeleria\/cuadernos\/ro-biki-note-canvas-cover-azul-hecho-a-mano\/","title":{"rendered":"RO-BIKI NOTE CANVAS COVER Azul &#8211; hecho a mano"},"content":{"rendered":"","protected":false},"excerpt":{"rendered":"<p>Un cubierto para libretas delgadas con tama\u00f1o de 21x11cm hecho de 100% algod\u00f3n org\u00e1nico (canvas) hecho a mano. viene con cierre para guardar lapices u otras cositas, y espacios o bolsillitos para los l\u00e1pices y accesorios o tel\u00e9fono smart. Con su tama\u00f1o, est\u00e1 perfecto para su Hobonichi Weeks \/ Traveller&#8217;s Notebook (cubierto de cuero).<\/p>\n<p>Incluye una cinta el\u00e1stica (reposicionar y ajustable) para sostener las libretas. Para libretas o cuadernos de tama\u00f1o A5 pero delgado.<\/p>\n<p>Color: Azul vintage<br \/>\nTama\u00f1o: 21,5 x 11,3 x 2,4 cm<\/p>\n","protected":false},"featured_media":2765,"template":"","meta":[],"product_brand":[296],"product_cat":[45,235,40,275],"product_tag":[126,241,240],"class_list":{"0":"post-2761","1":"product","2":"type-product","3":"status-publish","4":"has-post-thumbnail","6":"product_brand-yamamoto-paper","7":"product_cat-cuadernos","8":"product_cat-organizadores","9":"product_cat-papeleria","10":"product_cat-papeleria-japonesa","11":"product_tag-hecho-a-mano","12":"product_tag-travel","13":"product_tag-yamamoto","14":"product_shipping_class-correos-valdivia-centro-mas3kg","15":"yith_product_brand-yamamoto-paper","17":"first","18":"instock","19":"featured","20":"taxable","21":"shipping-taxable","22":"purchasable","23":"product-type-simple"},"_links":{"self":[{"href":"https:\/\/casa-gawa.cl\/cg\/wp-json\/wp\/v2\/product\/2761","targetHints":{"allow":["GET"]}}],"collection":[{"href":"https:\/\/casa-gawa.cl\/cg\/wp-json\/wp\/v2\/product"}],"about":[{"href":"https:\/\/casa-gawa.cl\/cg\/wp-json\/wp\/v2\/types\/product"}],"wp:featuredmedia":[{"embeddable":true,"href":"https:\/\/casa-gawa.cl\/cg\/wp-json\/wp\/v2\/media\/2765"}],"wp:attachment":[{"href":"https:\/\/casa-gawa.cl\/cg\/wp-json\/wp\/v2\/media?parent=2761"}],"wp:term":[{"taxonomy":"product_brand","embeddable":true,"href":"https:\/\/casa-gawa.cl\/cg\/wp-json\/wp\/v2\/product_brand?post=2761"},{"taxonomy":"product_cat","embeddable":true,"href":"https:\/\/casa-gawa.cl\/cg\/wp-json\/wp\/v2\/product_cat?post=2761"},{"taxonomy":"product_tag","embeddable":true,"href":"https:\/\/casa-gawa.cl\/cg\/wp-json\/wp\/v2\/product_tag?post=2761"}],"curies":[{"name":"wp","href":"https:\/\/api.w.org\/{rel}","templated":true}]}}