{"id":2699,"date":"2024-11-30T11:05:17","date_gmt":"2024-11-30T15:05:17","guid":{"rendered":"https:\/\/casa-gawa.cl\/cg\/?post_type=product&#038;p=2699"},"modified":"2026-04-14T12:02:58","modified_gmt":"2026-04-14T16:02:58","slug":"toolbox-multi-uso-y-350-rojo","status":"publish","type":"product","link":"https:\/\/casa-gawa.cl\/cg\/tienda\/organizadores\/toolbox-multi-uso-y-350-rojo\/","title":{"rendered":"Toolbox multi-uso Y-350 rojo"},"content":{"rendered":"","protected":false},"excerpt":{"rendered":"<p>Premiado con &#8220;Good Design Award 2009&#8221; por su buen dise\u00f1o<\/p>\n<p>Caja metal multiuso: en manualidades y hobby, colecci\u00f3n de papeler\u00eda, para costura, como un botiqu\u00edn, de construcci\u00f3n,\u00a0 joyero, entre otros usos.<br \/>\nHecho a partir de una sola placa de acero sin costuras, con un mango redondo sin bordes afilados, este producto es duradero y funcional. Se puede acoplar con una cerradura de cilindro de \u03c64mm, y su cubierta superior Camber permite una mayor capacidad.<\/p>\n<p>Modelo: Y-350R<br \/>\nColor: Rojo<br \/>\nTextura: brillante<br \/>\nMedidas interior: 34,9&#215;13,9&#215;7,2 cm<br \/>\nMedidas exterior: 37,3&#215;16,4&#215;12,4 cm<\/p>\n<p>&nbsp;<\/p>\n","protected":false},"featured_media":3445,"template":"","meta":[],"product_brand":[289],"product_cat":[235],"product_tag":[204,277,282,276,237],"class_list":{"0":"post-2699","1":"product","2":"type-product","3":"status-publish","4":"has-post-thumbnail","6":"product_brand-toyo-steel","7":"product_cat-organizadores","8":"product_tag-caja","9":"product_tag-metal","10":"product_tag-red","11":"product_tag-toolbox","12":"product_tag-toyo-steel","13":"product_shipping_class-correos-valdivia-centro-mas3kg","14":"yith_product_brand-toyo-steel","16":"first","17":"instock","18":"taxable","19":"shipping-taxable","20":"purchasable","21":"product-type-simple"},"_links":{"self":[{"href":"https:\/\/casa-gawa.cl\/cg\/wp-json\/wp\/v2\/product\/2699","targetHints":{"allow":["GET"]}}],"collection":[{"href":"https:\/\/casa-gawa.cl\/cg\/wp-json\/wp\/v2\/product"}],"about":[{"href":"https:\/\/casa-gawa.cl\/cg\/wp-json\/wp\/v2\/types\/product"}],"wp:featuredmedia":[{"embeddable":true,"href":"https:\/\/casa-gawa.cl\/cg\/wp-json\/wp\/v2\/media\/3445"}],"wp:attachment":[{"href":"https:\/\/casa-gawa.cl\/cg\/wp-json\/wp\/v2\/media?parent=2699"}],"wp:term":[{"taxonomy":"product_brand","embeddable":true,"href":"https:\/\/casa-gawa.cl\/cg\/wp-json\/wp\/v2\/product_brand?post=2699"},{"taxonomy":"product_cat","embeddable":true,"href":"https:\/\/casa-gawa.cl\/cg\/wp-json\/wp\/v2\/product_cat?post=2699"},{"taxonomy":"product_tag","embeddable":true,"href":"https:\/\/casa-gawa.cl\/cg\/wp-json\/wp\/v2\/product_tag?post=2699"}],"curies":[{"name":"wp","href":"https:\/\/api.w.org\/{rel}","templated":true}]}}